{"id":99,"date":"2021-05-08T19:35:15","date_gmt":"2021-05-08T19:35:15","guid":{"rendered":"http:\/\/dev.coreographix.info\/rs\/ruido-selecto\/"},"modified":"2024-08-24T17:49:28","modified_gmt":"2024-08-24T17:49:28","slug":"ruido-selecto","status":"publish","type":"page","link":"https:\/\/ruidoselecto.com\/es\/ruido-selecto\/","title":{"rendered":"Ruido"},"content":{"rendered":"<h4>Ruido Selecto<\/h4>\n<div>\n<p>Electronic Music From the Caribbean<\/p>\n<\/p>\n<p>In Ruido Selecto, Juan Esteban Herrera explores Caribbean music and its production techniques, focusing on genres like cumbia, champeta, and reggae music.<\/p>\n<\/div>\n<div>The project is created by Juan Esteban Herrera, guitarist, and music producer from Medell\u00edn &#8211; Colombia.<\/div>\n<p><iframe src=\"https:\/\/www.youtube.com\/watch?v=3q3Uxlenm84&#038;ab_channel=RuidoSelecto\"><\/iframe><br \/>\n<iframe src=\"https:\/\/www.youtube.com\/watch?v=5KbpEGdR7Bc\"><\/iframe><br \/>\n<iframe src=\"https:\/\/www.youtube.com\/watch?v=A3XVBmJ2Esg\"><\/iframe><br \/>\n<iframe src=\"https:\/\/youtu.be\/s0KZqki9dX4\"><\/iframe><br \/>\n<img decoding=\"async\" src=\"\/wp-content\/uploads\/2022\/04\/CoverEquador2022-sm.jpg\" alt=\"\"><\/p>\n<div>\n<p><iframe style=\"border: 0; width: 400px; height: 472px;\" src=\"https:\/\/bandcamp.com\/EmbeddedPlayer\/album=3056701958\/size=large\/bgcol=ffffff\/linkcol=0687f5\/artwork=none\/transparent=true\/\" seamless=\"\"><a href=\"https:\/\/ruidoselecto.bandcamp.com\/album\/equador\">Equador by Ruido Selecto<\/a><\/iframe><\/p>\n<\/div>\n<p><img decoding=\"async\" src=\"\/wp-content\/uploads\/2024\/08\/IMG_2847.jpg\" alt=\"\"><\/p>\n<div><iframe style=\"border: 0; width: 400px; height: 274px;\" src=\"https:\/\/bandcamp.com\/EmbeddedPlayer\/album=893876982\/size=large\/bgcol=ffffff\/linkcol=0687f5\/artwork=none\/transparent=true\/\" seamless><a href=\"https:\/\/ruidoselecto.bandcamp.com\/album\/pirater-a-caribe-a-y-contrabando\">Pirater\u00eda Caribe\u00f1a y Contrabando by Ruido Selecto<\/a><\/iframe><\/div>\n<p><img decoding=\"async\" src=\"\/wp-content\/uploads\/2024\/08\/MNF020_Front.png\" alt=\"\"><\/p>\n<div><iframe style=\"border-radius:12px\" src=\"https:\/\/open.spotify.com\/embed\/playlist\/6pzZY26JYc4YIypq44S53x?utm_source=generator\" width=\"100%\" height=\"352\" frameBorder=\"0\" allowfullscreen=\"\" allow=\"autoplay; clipboard-write; encrypted-media; fullscreen; picture-in-picture\" loading=\"lazy\"><\/iframe><\/div>\n<p><!--more--><br \/>\n<!-- {\"type\":\"layout\",\"children\":[{\"type\":\"section\",\"props\":{\"height\":\"viewport\",\"height_offset_top\":true,\"height_viewport\":120,\"image\":\"wp-content\\\/uploads\\\/2024\\\/05\\\/20230721_011418252_iOS.jpg\",\"image_loading\":true,\"image_parallax_bgy\":\"590,0\",\"image_position\":\"center-center\",\"image_size\":\"height-1-1\",\"style\":\"default\",\"title_breakpoint\":\"xl\",\"title_position\":\"top-left\",\"title_rotation\":\"left\",\"vertical_align\":\"middle\",\"width\":\"default\"},\"children\":[{\"type\":\"row\",\"children\":[{\"type\":\"column\",\"props\":{\"image_position\":\"center-center\",\"position_sticky_breakpoint\":\"m\"}}]}]},{\"type\":\"section\",\"props\":{\"image_position\":\"center-center\",\"style\":\"default\",\"title_breakpoint\":\"xl\",\"title_position\":\"top-left\",\"title_rotation\":\"left\",\"vertical_align\":\"middle\",\"width\":\"default\"},\"children\":[{\"type\":\"row\",\"children\":[{\"type\":\"column\",\"props\":{\"image_position\":\"center-center\",\"position_sticky_breakpoint\":\"m\",\"width_medium\":\"2-3\"},\"children\":[{\"type\":\"headline\",\"props\":{\"content\":\"Ruido Selecto\",\"title_element\":\"h4\"}},{\"type\":\"text\",\"props\":{\"column_breakpoint\":\"m\",\"content\":\"\n\n<p>Electronic Music From the Caribbean<\\\/p>\\n\n\n<p><\\\/p>\\n\n\n<p>In Ruido Selecto, Juan Esteban Herrera explores Caribbean music and its production techniques, focusing on genres like cumbia, champeta, and reggae music.<\\\/p>\",\"dropcap\":false,\"margin\":\"default\",\"text_color\":\"primary\",\"text_style\":\"large\"}},{\"type\":\"text\",\"props\":{\"column_breakpoint\":\"m\",\"content\":\"The project is created by Juan Esteban Herrera, guitarist, and music producer from Medell\\u00edn - Colombia.\",\"margin\":\"default\",\"text_style\":\"large\"}}]},{\"type\":\"column\",\"props\":{\"image_position\":\"center-center\",\"position_sticky_breakpoint\":\"m\",\"width_medium\":\"1-3\"}}],\"props\":{\"layout\":\"2-3,1-3\"}}]},{\"type\":\"section\",\"props\":{\"image_position\":\"center-center\",\"style\":\"secondary\",\"title_breakpoint\":\"xl\",\"title_position\":\"top-left\",\"title_rotation\":\"left\",\"vertical_align\":\"middle\",\"width\":\"default\"},\"children\":[{\"type\":\"row\",\"children\":[{\"type\":\"column\",\"props\":{\"image_position\":\"center-center\",\"position_sticky_breakpoint\":\"m\",\"width_medium\":\"1-2\"},\"children\":[{\"type\":\"video\",\"props\":{\"margin\":\"default\",\"video\":\"https:\\\/\\\/www.youtube.com\\\/watch?v=3q3Uxlenm84&ab_channel=RuidoSelecto\",\"video_controls\":true,\"video_width\":\"500\"}},{\"type\":\"video\",\"props\":{\"margin\":\"default\",\"video\":\"https:\\\/\\\/www.youtube.com\\\/watch?v=5KbpEGdR7Bc\",\"video_controls\":true,\"video_width\":\"500\"}}]},{\"type\":\"column\",\"props\":{\"image_position\":\"center-center\",\"position_sticky_breakpoint\":\"m\",\"width_medium\":\"1-2\"},\"children\":[{\"type\":\"video\",\"props\":{\"margin\":\"default\",\"video\":\"https:\\\/\\\/www.youtube.com\\\/watch?v=A3XVBmJ2Esg\",\"video_controls\":true,\"video_width\":\"500\"}},{\"type\":\"video\",\"props\":{\"margin\":\"default\",\"video\":\"https:\\\/\\\/youtu.be\\\/s0KZqki9dX4\",\"video_controls\":true,\"video_width\":\"500\"}}]}],\"props\":{\"layout\":\"1-2,1-2\"}}]},{\"type\":\"section\",\"props\":{\"image_position\":\"center-center\",\"style\":\"muted\",\"title_breakpoint\":\"xl\",\"title_position\":\"top-left\",\"title_rotation\":\"left\",\"vertical_align\":\"middle\",\"width\":\"default\"},\"children\":[{\"type\":\"row\",\"props\":{\"layout\":\"1-2,1-2\"},\"children\":[{\"type\":\"column\",\"props\":{\"image_position\":\"center-center\",\"position_sticky_breakpoint\":\"m\",\"width_medium\":\"1-2\"},\"children\":[{\"type\":\"image\",\"props\":{\"image\":\"wp-content\\\/uploads\\\/2022\\\/04\\\/CoverEquador2022-sm.jpg\",\"image_height\":500,\"image_svg_color\":\"emphasis\",\"image_width\":500,\"margin\":\"default\"}}]},{\"type\":\"column\",\"props\":{\"image_position\":\"center-center\",\"position_sticky_breakpoint\":\"m\",\"width_medium\":\"1-2\"},\"children\":[{\"type\":\"text\",\"props\":{\"column_breakpoint\":\"m\",\"content\":\"\n\n<p><iframe style=\\\"border: 0; width: 400px; height: 472px;\\\" src=\\\"https:\\\/\\\/bandcamp.com\\\/EmbeddedPlayer\\\/album=3056701958\\\/size=large\\\/bgcol=ffffff\\\/linkcol=0687f5\\\/artwork=none\\\/transparent=true\\\/\\\" seamless=\\\"\\\"><a href=\\\"https:\\\/\\\/ruidoselecto.bandcamp.com\\\/album\\\/equador\\\">Equador by Ruido Selecto<\\\/a><\\\/iframe><\\\/p>\",\"margin\":\"default\"}}]}]}]},{\"type\":\"section\",\"props\":{\"image_position\":\"center-center\",\"style\":\"muted\",\"title_breakpoint\":\"xl\",\"title_position\":\"top-left\",\"title_rotation\":\"left\",\"vertical_align\":\"middle\",\"width\":\"default\"},\"children\":[{\"type\":\"row\",\"props\":{\"layout\":\"1-2,1-2\"},\"children\":[{\"type\":\"column\",\"props\":{\"image_position\":\"center-center\",\"position_sticky_breakpoint\":\"m\",\"width_medium\":\"1-2\"},\"children\":[{\"type\":\"image\",\"props\":{\"image\":\"wp-content\\\/uploads\\\/2024\\\/08\\\/IMG_2847.jpg\",\"image_height\":500,\"image_svg_color\":\"emphasis\",\"image_width\":500,\"margin\":\"default\"}}]},{\"type\":\"column\",\"props\":{\"image_position\":\"center-center\",\"position_sticky_breakpoint\":\"m\",\"width_medium\":\"1-2\"},\"children\":[{\"type\":\"text\",\"props\":{\"column_breakpoint\":\"m\",\"content\":\"<iframe style=\\\"border: 0; width: 400px; height: 274px;\\\" src=\\\"https:\\\/\\\/bandcamp.com\\\/EmbeddedPlayer\\\/album=893876982\\\/size=large\\\/bgcol=ffffff\\\/linkcol=0687f5\\\/artwork=none\\\/transparent=true\\\/\\\" seamless><a href=\\\"https:\\\/\\\/ruidoselecto.bandcamp.com\\\/album\\\/pirater-a-caribe-a-y-contrabando\\\">Pirater\\u00eda Caribe\\u00f1a y Contrabando by Ruido Selecto<\\\/a><\\\/iframe>\",\"margin\":\"default\"}}]}]}]},{\"type\":\"section\",\"props\":{\"image_position\":\"center-center\",\"style\":\"muted\",\"title_breakpoint\":\"xl\",\"title_position\":\"top-left\",\"title_rotation\":\"left\",\"vertical_align\":\"middle\",\"width\":\"default\"},\"children\":[{\"type\":\"row\",\"props\":{\"layout\":\"1-2,1-2\"},\"children\":[{\"type\":\"column\",\"props\":{\"image_position\":\"center-center\",\"position_sticky_breakpoint\":\"m\",\"width_medium\":\"1-2\"},\"children\":[{\"type\":\"image\",\"props\":{\"image\":\"wp-content\\\/uploads\\\/2024\\\/08\\\/MNF020_Front.png\",\"image_height\":500,\"image_svg_color\":\"emphasis\",\"image_width\":500,\"margin\":\"default\"}}]},{\"type\":\"column\",\"props\":{\"image_position\":\"center-center\",\"position_sticky_breakpoint\":\"m\",\"width_medium\":\"1-2\"},\"children\":[{\"type\":\"text\",\"props\":{\"column_breakpoint\":\"m\",\"content\":\"<iframe style=\\\"border-radius:12px\\\" src=\\\"https:\\\/\\\/open.spotify.com\\\/embed\\\/playlist\\\/6pzZY26JYc4YIypq44S53x?utm_source=generator\\\" width=\\\"100%\\\" height=\\\"352\\\" frameBorder=\\\"0\\\" allowfullscreen=\\\"\\\" allow=\\\"autoplay; clipboard-write; encrypted-media; fullscreen; picture-in-picture\\\" loading=\\\"lazy\\\"><\\\/iframe>\",\"margin\":\"default\"}}]}]}]}],\"version\":\"4.3.8\"} --><\/p>\n","protected":false},"excerpt":{"rendered":"<p>Ruido Selecto Electronic Music From the Caribbean In Ruido Selecto, Juan Esteban Herrera explores Caribbean music and its production techniques, focusing on genres like cumbia, champeta, and reggae music. The project is created by Juan Esteban Herrera, guitarist, and music producer from Medell\u00edn &#8211; Colombia. Equador by Ruido Selecto Pirater\u00eda Caribe\u00f1a y Contrabando by Ruido [&hellip;]<\/p>\n","protected":false},"author":1,"featured_media":0,"parent":0,"menu_order":0,"comment_status":"closed","ping_status":"closed","template":"","meta":{"footnotes":""},"class_list":["post-99","page","type-page","status-publish","hentry"],"yoast_head":"<!-- This site is optimized with the Yoast SEO plugin v27.4 - https:\/\/yoast.com\/product\/yoast-seo-wordpress\/ -->\n<title>Ruido<\/title>\n<meta name=\"description\" content=\"Pagina web oficial de Ruido Selecto. M\u00fasica tropical y Afrolatina como materia prima - M\u00e1quinas de ritmo que incitan al baile y la danza.\" \/>\n<meta name=\"robots\" content=\"index, follow, max-snippet:-1, max-image-preview:large, max-video-preview:-1\" \/>\n<link rel=\"canonical\" href=\"https:\/\/ruidoselecto.com\/es\/ruido-selecto\/\" \/>\n<meta property=\"og:locale\" content=\"es_ES\" \/>\n<meta property=\"og:type\" content=\"article\" \/>\n<meta property=\"og:title\" content=\"Ruido\" \/>\n<meta property=\"og:description\" content=\"Pagina web oficial de Ruido Selecto. M\u00fasica tropical y Afrolatina como materia prima - M\u00e1quinas de ritmo que incitan al baile y la danza.\" \/>\n<meta property=\"og:url\" content=\"https:\/\/ruidoselecto.com\/es\/ruido-selecto\/\" \/>\n<meta property=\"og:site_name\" content=\"Ruido Selecto \/ Echo Selector\" \/>\n<meta property=\"article:modified_time\" content=\"2024-08-24T17:49:28+00:00\" \/>\n<meta property=\"og:image\" content=\"https:\/\/ruidoselecto.com\/wp-content\/uploads\/2022\/06\/Screen-Shot-2021-04-09-at-10.49.11-AM.png\" \/>\n\t<meta property=\"og:image:width\" content=\"1277\" \/>\n\t<meta property=\"og:image:height\" content=\"852\" \/>\n\t<meta property=\"og:image:type\" content=\"image\/png\" \/>\n<meta name=\"twitter:card\" content=\"summary_large_image\" \/>\n<script type=\"application\/ld+json\" class=\"yoast-schema-graph\">{\"@context\":\"https:\\\/\\\/schema.org\",\"@graph\":[{\"@type\":\"WebPage\",\"@id\":\"https:\\\/\\\/ruidoselecto.com\\\/es\\\/ruido-selecto\\\/\",\"url\":\"https:\\\/\\\/ruidoselecto.com\\\/es\\\/ruido-selecto\\\/\",\"name\":\"Ruido\",\"isPartOf\":{\"@id\":\"https:\\\/\\\/ruidoselecto.com\\\/es\\\/#website\"},\"datePublished\":\"2021-05-08T19:35:15+00:00\",\"dateModified\":\"2024-08-24T17:49:28+00:00\",\"description\":\"Pagina web oficial de Ruido Selecto. M\u00fasica tropical y Afrolatina como materia prima - M\u00e1quinas de ritmo que incitan al baile y la danza.\",\"breadcrumb\":{\"@id\":\"https:\\\/\\\/ruidoselecto.com\\\/es\\\/ruido-selecto\\\/#breadcrumb\"},\"inLanguage\":\"es\",\"potentialAction\":[{\"@type\":\"ReadAction\",\"target\":[\"https:\\\/\\\/ruidoselecto.com\\\/es\\\/ruido-selecto\\\/\"]}]},{\"@type\":\"BreadcrumbList\",\"@id\":\"https:\\\/\\\/ruidoselecto.com\\\/es\\\/ruido-selecto\\\/#breadcrumb\",\"itemListElement\":[{\"@type\":\"ListItem\",\"position\":1,\"name\":\"Home\",\"item\":\"https:\\\/\\\/ruidoselecto.com\\\/es\\\/\"},{\"@type\":\"ListItem\",\"position\":2,\"name\":\"Ruido\"}]},{\"@type\":\"WebSite\",\"@id\":\"https:\\\/\\\/ruidoselecto.com\\\/es\\\/#website\",\"url\":\"https:\\\/\\\/ruidoselecto.com\\\/es\\\/\",\"name\":\"Ruido Selecto \\\/ Echo Selector\",\"description\":\"Studio &amp; Production\",\"potentialAction\":[{\"@type\":\"SearchAction\",\"target\":{\"@type\":\"EntryPoint\",\"urlTemplate\":\"https:\\\/\\\/ruidoselecto.com\\\/es\\\/?s={search_term_string}\"},\"query-input\":{\"@type\":\"PropertyValueSpecification\",\"valueRequired\":true,\"valueName\":\"search_term_string\"}}],\"inLanguage\":\"es\"}]}<\/script>\n<!-- \/ Yoast SEO plugin. -->","yoast_head_json":{"title":"Ruido","description":"Pagina web oficial de Ruido Selecto. M\u00fasica tropical y Afrolatina como materia prima - M\u00e1quinas de ritmo que incitan al baile y la danza.","robots":{"index":"index","follow":"follow","max-snippet":"max-snippet:-1","max-image-preview":"max-image-preview:large","max-video-preview":"max-video-preview:-1"},"canonical":"https:\/\/ruidoselecto.com\/es\/ruido-selecto\/","og_locale":"es_ES","og_type":"article","og_title":"Ruido","og_description":"Pagina web oficial de Ruido Selecto. M\u00fasica tropical y Afrolatina como materia prima - M\u00e1quinas de ritmo que incitan al baile y la danza.","og_url":"https:\/\/ruidoselecto.com\/es\/ruido-selecto\/","og_site_name":"Ruido Selecto \/ Echo Selector","article_modified_time":"2024-08-24T17:49:28+00:00","og_image":[{"width":1277,"height":852,"url":"https:\/\/ruidoselecto.com\/wp-content\/uploads\/2022\/06\/Screen-Shot-2021-04-09-at-10.49.11-AM.png","type":"image\/png"}],"twitter_card":"summary_large_image","schema":{"@context":"https:\/\/schema.org","@graph":[{"@type":"WebPage","@id":"https:\/\/ruidoselecto.com\/es\/ruido-selecto\/","url":"https:\/\/ruidoselecto.com\/es\/ruido-selecto\/","name":"Ruido","isPartOf":{"@id":"https:\/\/ruidoselecto.com\/es\/#website"},"datePublished":"2021-05-08T19:35:15+00:00","dateModified":"2024-08-24T17:49:28+00:00","description":"Pagina web oficial de Ruido Selecto. M\u00fasica tropical y Afrolatina como materia prima - M\u00e1quinas de ritmo que incitan al baile y la danza.","breadcrumb":{"@id":"https:\/\/ruidoselecto.com\/es\/ruido-selecto\/#breadcrumb"},"inLanguage":"es","potentialAction":[{"@type":"ReadAction","target":["https:\/\/ruidoselecto.com\/es\/ruido-selecto\/"]}]},{"@type":"BreadcrumbList","@id":"https:\/\/ruidoselecto.com\/es\/ruido-selecto\/#breadcrumb","itemListElement":[{"@type":"ListItem","position":1,"name":"Home","item":"https:\/\/ruidoselecto.com\/es\/"},{"@type":"ListItem","position":2,"name":"Ruido"}]},{"@type":"WebSite","@id":"https:\/\/ruidoselecto.com\/es\/#website","url":"https:\/\/ruidoselecto.com\/es\/","name":"Ruido Selecto \/ Echo Selector","description":"Studio &amp; Production","potentialAction":[{"@type":"SearchAction","target":{"@type":"EntryPoint","urlTemplate":"https:\/\/ruidoselecto.com\/es\/?s={search_term_string}"},"query-input":{"@type":"PropertyValueSpecification","valueRequired":true,"valueName":"search_term_string"}}],"inLanguage":"es"}]}},"_links":{"self":[{"href":"https:\/\/ruidoselecto.com\/es\/wp-json\/wp\/v2\/pages\/99","targetHints":{"allow":["GET"]}}],"collection":[{"href":"https:\/\/ruidoselecto.com\/es\/wp-json\/wp\/v2\/pages"}],"about":[{"href":"https:\/\/ruidoselecto.com\/es\/wp-json\/wp\/v2\/types\/page"}],"author":[{"embeddable":true,"href":"https:\/\/ruidoselecto.com\/es\/wp-json\/wp\/v2\/users\/1"}],"replies":[{"embeddable":true,"href":"https:\/\/ruidoselecto.com\/es\/wp-json\/wp\/v2\/comments?post=99"}],"version-history":[{"count":3,"href":"https:\/\/ruidoselecto.com\/es\/wp-json\/wp\/v2\/pages\/99\/revisions"}],"predecessor-version":[{"id":796,"href":"https:\/\/ruidoselecto.com\/es\/wp-json\/wp\/v2\/pages\/99\/revisions\/796"}],"wp:attachment":[{"href":"https:\/\/ruidoselecto.com\/es\/wp-json\/wp\/v2\/media?parent=99"}],"curies":[{"name":"wp","href":"https:\/\/api.w.org\/{rel}","templated":true}]}}