{"id":95,"date":"2021-05-08T19:36:06","date_gmt":"2021-05-08T19:36:06","guid":{"rendered":"http:\/\/dev.coreographix.info\/rs\/music-production\/"},"modified":"2023-05-02T21:58:46","modified_gmt":"2023-05-02T21:58:46","slug":"proyectos","status":"publish","type":"page","link":"https:\/\/ruidoselecto.com\/es\/proyectos\/","title":{"rendered":"Proyectos"},"content":{"rendered":"<h2>\n<h1>Proyectos<\/h1>\n<\/h2>\n<hr>\n<h1>INVESTIGACI\u00d3N\/CREACI\u00d3N<\/h1>\n<h1>14 CA\u00d1ONAZOS BAILABLES EN DUB<\/h1>\n<div>\n<p>Pr\u00f3ximamente&#8230;<\/p>\n<\/div>\n<p><img decoding=\"async\" src=\"\/wp-content\/uploads\/2022\/06\/PHOTO-2021-12-15-15-12-52.jpg\" alt=\"\"><\/p>\n<div>\n<p>Proyecto de investigaci\u00f3n-creaci\u00f3n desarrollado en la maestr\u00eda en Artes Digitales del ITM el cual tiene como objeto de estudio el remix, su cultura asociada y sus t\u00e9cnicas en el \u00e1mbito de la producci\u00f3n musical. Bajo la lente de este objeto de estudio, se han revisado los diez primeros vol\u00famenes del disco \u201cLos 14 Ca\u00f1onazos bailables\u201d del sello DISCOS FUENTES producidos entre 1961 y 1970. Este proceso de investigaci\u00f3n ha permitido desarrollar y conformar una performance musical y un \u00e1lbum discogr\u00e1fico creado a trav\u00e9s de arreglos generados mediante la manipulaci\u00f3n de una selecci\u00f3n de archivos de m\u00fasica tropical colombiana.<\/p>\n<p>En este proyecto se han empleado t\u00e9cnicas de remix como: el sampling, el dubmixing, el mashup, la separaci\u00f3n artificial de stems, y la remasterizaci\u00f3n las cuales han permitido generar remixes que conforman este resultado creativo el cual ofrece una relectura, novedosa y actual, con respecto a la musica tropical colombiana.<\/p>\n<\/div>\n<p><iframe src=\"https:\/\/youtu.be\/FwCw_ghp600\"><\/iframe><br \/>\n<iframe src=\"https:\/\/youtu.be\/RR_s7-3m2xs\"><\/iframe><\/p>\n<div><iframe loading=\"lazy\" width=\"100%\" height=\"450\" scrolling=\"no\" frameborder=\"no\" allow=\"autoplay\" src=\"https:\/\/w.soundcloud.com\/player\/?url=https%3A\/\/api.soundcloud.com\/playlists\/1527813187%3Fsecret_token%3Ds-zNWok7WCMWe&#038;color=%23ff5500&#038;auto_play=false&#038;hide_related=false&#038;show_comments=true&#038;show_user=true&#038;show_reposts=false&#038;show_teaser=true\"><\/iframe><\/p>\n<div style=\"font-size: 10px; color: #cccccc;line-break: anywhere;word-break: normal;overflow: hidden;white-space: nowrap;text-overflow: ellipsis; font-family: Interstate,Lucida Grande,Lucida Sans Unicode,Lucida Sans,Garuda,Verdana,Tahoma,sans-serif;font-weight: 100;\"><a href=\"https:\/\/soundcloud.com\/ruidoselecto\" title=\"Ruido Selecto\" target=\"_blank\" style=\"color: #cccccc; text-decoration: none;\">Ruido Selecto<\/a> \u00b7 <a href=\"https:\/\/soundcloud.com\/ruidoselecto\/sets\/ruido-selecto-presenta-14\" title=\"Ruido Selecto presenta: 14 Ca\u00f1onazos en Dub\" target=\"_blank\" style=\"color: #cccccc; text-decoration: none;\">Ruido Selecto presenta: 14 Ca\u00f1onazos en Dub<\/a><\/div>\n<\/div>\n<p><!--more--><br \/>\n<!-- {\"name\":\"About\",\"type\":\"layout\",\"children\":[{\"type\":\"section\",\"props\":{\"style\":\"default\",\"width\":\"\",\"vertical_align\":\"middle\",\"title_position\":\"top-left\",\"title_rotation\":\"left\",\"title_breakpoint\":\"xl\",\"image_position\":\"bottom-center\",\"padding\":\"xlarge\",\"animation\":\"fade\",\"image\":\"wp-content\\\/uploads\\\/2022\\\/11\\\/DSCF2515.jpg\",\"image_size\":\"height-1-1\",\"image_width\":\"2560\",\"class\":\"uk-text-center\",\"image_parallax_bgy_start\":\"-180\",\"image_parallax_bgy_end\":\"-330\"},\"children\":[{\"type\":\"row\",\"children\":[{\"type\":\"column\",\"props\":{\"image_position\":\"center-center\",\"media_overlay_gradient\":\"\",\"text_color\":\"light\",\"padding\":\"none\",\"image\":\"\",\"width_medium\":\"1-1\",\"position_sticky_breakpoint\":\"m\"},\"children\":[]}]}],\"name\":\"Hero\"},{\"type\":\"section\",\"props\":{\"style\":\"default\",\"width\":\"default\",\"vertical_align\":\"middle\",\"title_position\":\"top-left\",\"title_rotation\":\"left\",\"title_breakpoint\":\"xl\",\"image_position\":\"center-center\"},\"children\":[{\"type\":\"row\",\"children\":[{\"type\":\"column\",\"props\":{\"image_position\":\"center-center\",\"media_overlay_gradient\":\"\",\"position_sticky_breakpoint\":\"m\"},\"children\":[{\"type\":\"headline\",\"props\":{\"title_element\":\"h2\",\"title_decoration\":\"bullet\",\"content\":\"\n\n<h1>Proyectos<\\\/h1>\",\"title_style\":\"heading-medium\"}}]}]},{\"type\":\"row\",\"children\":[{\"type\":\"column\",\"props\":{\"image_position\":\"center-center\",\"media_overlay_gradient\":\"\",\"position_sticky_breakpoint\":\"m\"},\"children\":[{\"type\":\"divider\",\"props\":{\"divider_element\":\"hr\"}}]}]},{\"type\":\"row\",\"children\":[{\"type\":\"column\",\"props\":{\"image_position\":\"center-center\",\"media_overlay_gradient\":\"\",\"position_sticky_breakpoint\":\"m\"},\"children\":[{\"type\":\"headline\",\"props\":{\"title_element\":\"h1\",\"content\":\"INVESTIGACI\\u00d3N\\\/CREACI\\u00d3N\"}}]}]}]},{\"type\":\"section\",\"props\":{\"style\":\"default\",\"width\":\"default\",\"vertical_align\":\"middle\",\"title_position\":\"top-left\",\"title_rotation\":\"left\",\"title_breakpoint\":\"xl\",\"image_position\":\"center-center\"},\"children\":[{\"type\":\"row\",\"children\":[{\"type\":\"column\",\"props\":{\"image_position\":\"center-center\",\"media_overlay_gradient\":\"\",\"width_medium\":\"\",\"position_sticky_breakpoint\":\"m\"},\"children\":[{\"type\":\"headline\",\"props\":{\"title_element\":\"h1\",\"content\":\"14 CA\\u00d1ONAZOS BAILABLES EN DUB\"}},{\"type\":\"text\",\"props\":{\"margin\":\"default\",\"column_breakpoint\":\"m\",\"content\":\"\n\n<p>Pr\\u00f3ximamente...<\\\/p>\"}},{\"type\":\"image\",\"props\":{\"margin\":\"default\",\"image_svg_color\":\"emphasis\",\"image\":\"wp-content\\\/uploads\\\/2022\\\/06\\\/PHOTO-2021-12-15-15-12-52.jpg\"}},{\"type\":\"text\",\"props\":{\"margin\":\"default\",\"column_breakpoint\":\"m\",\"content\":\"\n\n<p>Proyecto de investigaci\\u00f3n-creaci\\u00f3n desarrollado en la maestr\\u00eda en Artes Digitales del ITM el cual tiene como objeto de estudio el remix, su cultura asociada y sus t\\u00e9cnicas en el \\u00e1mbito de la producci\\u00f3n musical. Bajo la lente de este objeto de estudio, se han revisado los diez primeros vol\\u00famenes del disco \\u201cLos 14 Ca\\u00f1onazos bailables\\u201d del sello DISCOS FUENTES producidos entre 1961 y 1970. Este proceso de investigaci\\u00f3n ha permitido desarrollar y conformar una performance musical y un \\u00e1lbum discogr\\u00e1fico creado a trav\\u00e9s de arreglos generados mediante la manipulaci\\u00f3n de una selecci\\u00f3n de archivos de m\\u00fasica tropical colombiana.<\\\/p>\\n\n\n<p>En este proyecto se han empleado t\\u00e9cnicas de remix como: el sampling, el dubmixing, el mashup, la separaci\\u00f3n artificial de stems, y la remasterizaci\\u00f3n las cuales han permitido generar remixes que conforman este resultado creativo el cual ofrece una relectura, novedosa y actual, con respecto a la musica tropical colombiana.<\\\/p>\"}},{\"type\":\"video\",\"props\":{\"video_controls\":true,\"margin\":\"default\",\"video_width\":\"1170\",\"video\":\"https:\\\/\\\/youtu.be\\\/FwCw_ghp600\"}},{\"type\":\"video\",\"props\":{\"video_controls\":true,\"margin\":\"default\",\"video_width\":\"1170\",\"video\":\"https:\\\/\\\/youtu.be\\\/RR_s7-3m2xs\"}},{\"type\":\"text\",\"props\":{\"margin\":\"default\",\"column_breakpoint\":\"m\",\"content\":\"<iframe width=\\\"100%\\\" height=\\\"450\\\" scrolling=\\\"no\\\" frameborder=\\\"no\\\" allow=\\\"autoplay\\\" src=\\\"https:\\\/\\\/w.soundcloud.com\\\/player\\\/?url=https%3A\\\/\\\/api.soundcloud.com\\\/playlists\\\/1527813187%3Fsecret_token%3Ds-zNWok7WCMWe&color=%23ff5500&auto_play=false&hide_related=false&show_comments=true&show_user=true&show_reposts=false&show_teaser=true\\\"><\\\/iframe>\n\n<div style=\\\"font-size: 10px; color: #cccccc;line-break: anywhere;word-break: normal;overflow: hidden;white-space: nowrap;text-overflow: ellipsis; font-family: Interstate,Lucida Grande,Lucida Sans Unicode,Lucida Sans,Garuda,Verdana,Tahoma,sans-serif;font-weight: 100;\\\"><a href=\\\"https:\\\/\\\/soundcloud.com\\\/ruidoselecto\\\" title=\\\"Ruido Selecto\\\" target=\\\"_blank\\\" style=\\\"color: #cccccc; text-decoration: none;\\\">Ruido Selecto<\\\/a> \\u00b7 <a href=\\\"https:\\\/\\\/soundcloud.com\\\/ruidoselecto\\\/sets\\\/ruido-selecto-presenta-14\\\" title=\\\"Ruido Selecto presenta: 14 Ca\\u00f1onazos en Dub\\\" target=\\\"_blank\\\" style=\\\"color: #cccccc; text-decoration: none;\\\">Ruido Selecto presenta: 14 Ca\\u00f1onazos en Dub<\\\/a><\\\/div>\"}}]}]}]},{\"type\":\"section\",\"props\":{\"style\":\"default\",\"width\":\"default\",\"vertical_align\":\"middle\",\"title_position\":\"top-left\",\"title_rotation\":\"left\",\"title_breakpoint\":\"xl\",\"image_position\":\"center-center\"},\"children\":[{\"type\":\"row\",\"children\":[{\"type\":\"column\",\"props\":{\"image_position\":\"center-center\",\"media_overlay_gradient\":\"\",\"position_sticky_breakpoint\":\"m\"},\"children\":[]}]}]}],\"version\":\"2.7.22\"} --><\/p>\n","protected":false},"excerpt":{"rendered":"<p>Proyectos INVESTIGACI\u00d3N\/CREACI\u00d3N 14 CA\u00d1ONAZOS BAILABLES EN DUB Pr\u00f3ximamente&#8230; Proyecto de investigaci\u00f3n-creaci\u00f3n desarrollado en la maestr\u00eda en Artes Digitales del ITM el cual tiene como objeto de estudio el remix, su cultura asociada y sus t\u00e9cnicas en el \u00e1mbito de la producci\u00f3n musical. Bajo la lente de este objeto de estudio, se han revisado los diez [&hellip;]<\/p>\n","protected":false},"author":1,"featured_media":0,"parent":0,"menu_order":0,"comment_status":"closed","ping_status":"closed","template":"","meta":{"footnotes":""},"class_list":["post-95","page","type-page","status-publish","hentry"],"yoast_head":"<!-- This site is optimized with the Yoast SEO plugin v27.4 - https:\/\/yoast.com\/product\/yoast-seo-wordpress\/ -->\n<title>Proyectos - Ruido Selecto \/ Echo Selector<\/title>\n<meta name=\"robots\" content=\"index, follow, max-snippet:-1, max-image-preview:large, max-video-preview:-1\" \/>\n<link rel=\"canonical\" href=\"https:\/\/ruidoselecto.com\/es\/proyectos\/\" \/>\n<meta property=\"og:locale\" content=\"es_ES\" \/>\n<meta property=\"og:type\" content=\"article\" \/>\n<meta property=\"og:title\" content=\"Proyectos - Ruido Selecto \/ Echo Selector\" \/>\n<meta property=\"og:description\" content=\"Proyectos INVESTIGACI\u00d3N\/CREACI\u00d3N 14 CA\u00d1ONAZOS BAILABLES EN DUB Pr\u00f3ximamente&#8230; Proyecto de investigaci\u00f3n-creaci\u00f3n desarrollado en la maestr\u00eda en Artes Digitales del ITM el cual tiene como objeto de estudio el remix, su cultura asociada y sus t\u00e9cnicas en el \u00e1mbito de la producci\u00f3n musical. Bajo la lente de este objeto de estudio, se han revisado los diez [&hellip;]\" \/>\n<meta property=\"og:url\" content=\"https:\/\/ruidoselecto.com\/es\/proyectos\/\" \/>\n<meta property=\"og:site_name\" content=\"Ruido Selecto \/ Echo Selector\" \/>\n<meta property=\"article:modified_time\" content=\"2023-05-02T21:58:46+00:00\" \/>\n<meta property=\"og:image\" content=\"https:\/\/ruidoselecto.com\/wp-content\/uploads\/2022\/06\/Screen-Shot-2021-04-09-at-10.49.11-AM.png\" \/>\n\t<meta property=\"og:image:width\" content=\"1277\" \/>\n\t<meta property=\"og:image:height\" content=\"852\" \/>\n\t<meta property=\"og:image:type\" content=\"image\/png\" \/>\n<meta name=\"twitter:card\" content=\"summary_large_image\" \/>\n<meta name=\"twitter:label1\" content=\"Tiempo de lectura\" \/>\n\t<meta name=\"twitter:data1\" content=\"1 minuto\" \/>\n<script type=\"application\/ld+json\" class=\"yoast-schema-graph\">{\"@context\":\"https:\\\/\\\/schema.org\",\"@graph\":[{\"@type\":\"WebPage\",\"@id\":\"https:\\\/\\\/ruidoselecto.com\\\/es\\\/proyectos\\\/\",\"url\":\"https:\\\/\\\/ruidoselecto.com\\\/es\\\/proyectos\\\/\",\"name\":\"Proyectos - Ruido Selecto \\\/ Echo Selector\",\"isPartOf\":{\"@id\":\"https:\\\/\\\/ruidoselecto.com\\\/es\\\/#website\"},\"datePublished\":\"2021-05-08T19:36:06+00:00\",\"dateModified\":\"2023-05-02T21:58:46+00:00\",\"breadcrumb\":{\"@id\":\"https:\\\/\\\/ruidoselecto.com\\\/es\\\/proyectos\\\/#breadcrumb\"},\"inLanguage\":\"es\",\"potentialAction\":[{\"@type\":\"ReadAction\",\"target\":[\"https:\\\/\\\/ruidoselecto.com\\\/es\\\/proyectos\\\/\"]}]},{\"@type\":\"BreadcrumbList\",\"@id\":\"https:\\\/\\\/ruidoselecto.com\\\/es\\\/proyectos\\\/#breadcrumb\",\"itemListElement\":[{\"@type\":\"ListItem\",\"position\":1,\"name\":\"Home\",\"item\":\"https:\\\/\\\/ruidoselecto.com\\\/es\\\/\"},{\"@type\":\"ListItem\",\"position\":2,\"name\":\"Proyectos\"}]},{\"@type\":\"WebSite\",\"@id\":\"https:\\\/\\\/ruidoselecto.com\\\/es\\\/#website\",\"url\":\"https:\\\/\\\/ruidoselecto.com\\\/es\\\/\",\"name\":\"Ruido Selecto \\\/ Echo Selector\",\"description\":\"Studio &amp; Production\",\"potentialAction\":[{\"@type\":\"SearchAction\",\"target\":{\"@type\":\"EntryPoint\",\"urlTemplate\":\"https:\\\/\\\/ruidoselecto.com\\\/es\\\/?s={search_term_string}\"},\"query-input\":{\"@type\":\"PropertyValueSpecification\",\"valueRequired\":true,\"valueName\":\"search_term_string\"}}],\"inLanguage\":\"es\"}]}<\/script>\n<!-- \/ Yoast SEO plugin. -->","yoast_head_json":{"title":"Proyectos - Ruido Selecto \/ Echo Selector","robots":{"index":"index","follow":"follow","max-snippet":"max-snippet:-1","max-image-preview":"max-image-preview:large","max-video-preview":"max-video-preview:-1"},"canonical":"https:\/\/ruidoselecto.com\/es\/proyectos\/","og_locale":"es_ES","og_type":"article","og_title":"Proyectos - Ruido Selecto \/ Echo Selector","og_description":"Proyectos INVESTIGACI\u00d3N\/CREACI\u00d3N 14 CA\u00d1ONAZOS BAILABLES EN DUB Pr\u00f3ximamente&#8230; Proyecto de investigaci\u00f3n-creaci\u00f3n desarrollado en la maestr\u00eda en Artes Digitales del ITM el cual tiene como objeto de estudio el remix, su cultura asociada y sus t\u00e9cnicas en el \u00e1mbito de la producci\u00f3n musical. Bajo la lente de este objeto de estudio, se han revisado los diez [&hellip;]","og_url":"https:\/\/ruidoselecto.com\/es\/proyectos\/","og_site_name":"Ruido Selecto \/ Echo Selector","article_modified_time":"2023-05-02T21:58:46+00:00","og_image":[{"width":1277,"height":852,"url":"https:\/\/ruidoselecto.com\/wp-content\/uploads\/2022\/06\/Screen-Shot-2021-04-09-at-10.49.11-AM.png","type":"image\/png"}],"twitter_card":"summary_large_image","twitter_misc":{"Tiempo de lectura":"1 minuto"},"schema":{"@context":"https:\/\/schema.org","@graph":[{"@type":"WebPage","@id":"https:\/\/ruidoselecto.com\/es\/proyectos\/","url":"https:\/\/ruidoselecto.com\/es\/proyectos\/","name":"Proyectos - Ruido Selecto \/ Echo Selector","isPartOf":{"@id":"https:\/\/ruidoselecto.com\/es\/#website"},"datePublished":"2021-05-08T19:36:06+00:00","dateModified":"2023-05-02T21:58:46+00:00","breadcrumb":{"@id":"https:\/\/ruidoselecto.com\/es\/proyectos\/#breadcrumb"},"inLanguage":"es","potentialAction":[{"@type":"ReadAction","target":["https:\/\/ruidoselecto.com\/es\/proyectos\/"]}]},{"@type":"BreadcrumbList","@id":"https:\/\/ruidoselecto.com\/es\/proyectos\/#breadcrumb","itemListElement":[{"@type":"ListItem","position":1,"name":"Home","item":"https:\/\/ruidoselecto.com\/es\/"},{"@type":"ListItem","position":2,"name":"Proyectos"}]},{"@type":"WebSite","@id":"https:\/\/ruidoselecto.com\/es\/#website","url":"https:\/\/ruidoselecto.com\/es\/","name":"Ruido Selecto \/ Echo Selector","description":"Studio &amp; Production","potentialAction":[{"@type":"SearchAction","target":{"@type":"EntryPoint","urlTemplate":"https:\/\/ruidoselecto.com\/es\/?s={search_term_string}"},"query-input":{"@type":"PropertyValueSpecification","valueRequired":true,"valueName":"search_term_string"}}],"inLanguage":"es"}]}},"_links":{"self":[{"href":"https:\/\/ruidoselecto.com\/es\/wp-json\/wp\/v2\/pages\/95","targetHints":{"allow":["GET"]}}],"collection":[{"href":"https:\/\/ruidoselecto.com\/es\/wp-json\/wp\/v2\/pages"}],"about":[{"href":"https:\/\/ruidoselecto.com\/es\/wp-json\/wp\/v2\/types\/page"}],"author":[{"embeddable":true,"href":"https:\/\/ruidoselecto.com\/es\/wp-json\/wp\/v2\/users\/1"}],"replies":[{"embeddable":true,"href":"https:\/\/ruidoselecto.com\/es\/wp-json\/wp\/v2\/comments?post=95"}],"version-history":[{"count":3,"href":"https:\/\/ruidoselecto.com\/es\/wp-json\/wp\/v2\/pages\/95\/revisions"}],"predecessor-version":[{"id":530,"href":"https:\/\/ruidoselecto.com\/es\/wp-json\/wp\/v2\/pages\/95\/revisions\/530"}],"wp:attachment":[{"href":"https:\/\/ruidoselecto.com\/es\/wp-json\/wp\/v2\/media?parent=95"}],"curies":[{"name":"wp","href":"https:\/\/api.w.org\/{rel}","templated":true}]}}