{"id":94,"date":"2021-05-08T19:42:13","date_gmt":"2021-05-08T19:42:13","guid":{"rendered":"http:\/\/dev.coreographix.info\/rs\/echo-selector\/"},"modified":"2023-08-10T20:17:25","modified_gmt":"2023-08-10T20:17:25","slug":"echo-selector","status":"publish","type":"page","link":"https:\/\/ruidoselecto.com\/es\/echo-selector\/","title":{"rendered":"Echo Selector"},"content":{"rendered":"<div>\n<p>Ya disponible Echo Space EP, edici\u00f3n exclusiva en vinilo 10&#8243; y Bandcamp<\/p>\n<p><span>Echo Space es un \u00e1lbum que explora el Dub, la m\u00fasica de jamaica y de Colombia. Esta es una producci\u00f3n con m\u00fasica energica y rica en matices sonoros donde se encuentran ritmos como el ska y el steppa junto a sonidos percutidos con patrones de la Cumbia y el nyabinghy de Jamaica.<\/span><\/p>\n<p><span>En esta ocasi\u00f3n el proyecto tuvo la oportunidad de grabar en estudio con con el trompetista Yoni perez, el baterista Camilo Mazo y el percusionista \u00c1lvaro Botero.<\/span><\/p>\n<p><span>El arte estuvo a cargo de la talentosa artista Titania, quien se encargo de darle vida a Echo Space, un dise\u00f1o influenciado por el arte Dub jamaiquino de los a\u00f1os ochenta pero llevado al contexto colombiano.<\/span><\/p>\n<p>COMPRAR AHORA EN BANDCAMP:<\/p>\n<\/div>\n<div>\n<p>    <iframe style=\"border: 0; width: 350px; height: 470px;\" src=\"https:\/\/bandcamp.com\/EmbeddedPlayer\/album=875494393\/size=large\/bgcol=ffffff\/linkcol=0687f5\/tracklist=false\/transparent=true\/\" seamless><a href=\"https:\/\/echoselector.bandcamp.com\/album\/echo-space\">Echo Space by Echo Selector<\/a><\/iframe>\n<\/div>\n<h1>Echo Selector<\/h1>\n<div>\n<p>ANALOG DUB &amp; DIGITAL REGGAE DESDE COLOMBIA!!<\/p>\n<\/div>\n<h5>Echo Selector social media<\/h5>\n<ul>\n<li><a href=\"https:\/\/soundcloud.com\/ruidoselecto\">soundcloud<\/a>\n<\/li>\n<li><a href=\"https:\/\/echoselector.bandcamp.com\/album\/dubsession-vol-1\">social<\/a>\n<\/li>\n<li><a href=\"https:\/\/instagram.com\/echoselector\">instagram<\/a>\n<\/li>\n<\/ul>\n<p><img decoding=\"async\" src=\"\/wp-content\/uploads\/2021\/06\/Copia-de-Logo.png\" alt=\"Echo Selector\"><\/p>\n<h3>Dub Commander &#8211; VIDEOCLIP<\/h3>\n<p><iframe src=\"https:\/\/www.youtube.com\/watch?v=uOKEWDwBm6M&#038;ab_channel=EchoSelector\"><\/iframe><\/p>\n<h3>EN VIVO EN EL TEATRO TOB\u00d3N URIBE\u00a0 2020<\/h3>\n<p><iframe src=\"https:\/\/youtu.be\/AC6rNnAeZ5o\"><\/iframe><\/p>\n<div>\n<p>\u00a1Dub y ritmos Jamaiquinos con sabor colombiano!<\/p>\n<p>Live Dubmixing Act<\/p>\n<\/div>\n<div>\n<p>Echo Selector ha tenido la oportunidad de colaborar con artistas de importantes agrupaciones a nivel nacional como; De bruces a m\u00ed, Providencia, Tarmac. Se destacan presentaciones en el Teatro Pablo Tob\u00f3n Uribe de Medell\u00edn y varias sesiones en el Gran Latido Soundsystem de Bogot\u00e1.\u00a0<\/p>\n<\/p>\n<\/div>\n<h3>Echo Selector &#8211; Dubsession<br \/>\nVol.1, Cap\u00edtulo 1: The Return Of The Dub Robot<\/h3>\n<p><iframe src=\"https:\/\/www.youtube.com\/watch?v=jN_GvDBXavU\"><\/iframe><\/p>\n<h1>APOYA NUESTRA M\u00daSICA:<\/h1>\n<div>\n<p><a href=\"https:\/\/echoselector.bandcamp.com\/album\/dubsession-vol-1\">VISITA BANDCAMP<\/a><\/p>\n<\/div>\n<p><!--more--><br \/>\n<!-- {\"type\":\"layout\",\"children\":[{\"type\":\"section\",\"props\":{\"style\":\"primary\",\"width\":\"large\",\"vertical_align\":\"middle\",\"title_position\":\"top-left\",\"title_rotation\":\"left\",\"title_breakpoint\":\"xl\",\"image_position\":\"top-center\",\"image\":\"wp-content\\\/uploads\\\/2023\\\/08\\\/ECHO_selector_final-cmyk-1.jpg\",\"height\":\"full\",\"image_size\":\"contain\"},\"children\":[{\"type\":\"row\",\"children\":[{\"type\":\"column\",\"props\":{\"image_position\":\"center-center\",\"media_overlay_gradient\":\"\",\"position_sticky_breakpoint\":\"m\"},\"children\":[]}]}]},{\"type\":\"section\",\"props\":{\"style\":\"default\",\"width\":\"default\",\"vertical_align\":\"middle\",\"title_position\":\"top-left\",\"title_rotation\":\"left\",\"title_breakpoint\":\"xl\",\"image_position\":\"center-center\"},\"children\":[{\"type\":\"row\",\"children\":[{\"type\":\"column\",\"props\":{\"position_sticky_breakpoint\":\"m\",\"image_position\":\"center-center\",\"media_overlay_gradient\":\"\"},\"children\":[{\"type\":\"text\",\"props\":{\"margin\":\"default\",\"column_breakpoint\":\"m\",\"content\":\"\n\n<p>Ya disponible Echo Space EP, edici\\u00f3n exclusiva en vinilo 10\\\" y Bandcamp<\\\/p>\\n\n\n<p><span>Echo Space es un \\u00e1lbum que explora el Dub, la m\\u00fasica de jamaica y de Colombia. Esta es una producci\\u00f3n con m\\u00fasica energica y rica en matices sonoros donde se encuentran ritmos como el ska y el steppa junto a sonidos percutidos con patrones de la Cumbia y el nyabinghy de Jamaica.<\\\/span><br \\\/><br \\\/><span>En esta ocasi\\u00f3n el proyecto tuvo la oportunidad de grabar en estudio con con el trompetista Yoni perez, el baterista Camilo Mazo y el percusionista \\u00c1lvaro Botero.<\\\/span><br \\\/><br \\\/><span>El arte estuvo a cargo de la talentosa artista Titania, quien se encargo de darle vida a Echo Space, un dise\\u00f1o influenciado por el arte Dub jamaiquino de los a\\u00f1os ochenta pero llevado al contexto colombiano.<\\\/span><\\\/p>\\n\n\n<p>COMPRAR AHORA EN BANDCAMP:<\\\/p>\"}},{\"type\":\"html\",\"props\":{\"content\":\"<iframe style=\\\"border: 0; width: 350px; height: 470px;\\\" src=\\\"https:\\\/\\\/bandcamp.com\\\/EmbeddedPlayer\\\/album=875494393\\\/size=large\\\/bgcol=ffffff\\\/linkcol=0687f5\\\/tracklist=false\\\/transparent=true\\\/\\\" seamless><a href=\\\"https:\\\/\\\/echoselector.bandcamp.com\\\/album\\\/echo-space\\\">Echo Space by Echo Selector<\\\/a><\\\/iframe>\"}}]}]}]},{\"type\":\"section\",\"props\":{\"style\":\"default\",\"width\":\"default\",\"vertical_align\":\"middle\",\"title_position\":\"top-left\",\"title_rotation\":\"left\",\"title_breakpoint\":\"xl\",\"image_position\":\"center-center\"},\"children\":[{\"type\":\"row\",\"children\":[{\"type\":\"column\",\"props\":{\"position_sticky_breakpoint\":\"m\",\"image_position\":\"center-center\",\"media_overlay_gradient\":\"\"},\"children\":[]}]}]},{\"type\":\"section\",\"props\":{\"style\":\"default\",\"width\":\"default\",\"vertical_align\":\"middle\",\"title_position\":\"top-left\",\"title_rotation\":\"left\",\"title_breakpoint\":\"xl\",\"image_position\":\"center-center\"},\"children\":[{\"type\":\"row\",\"children\":[{\"type\":\"column\",\"props\":{\"image_position\":\"center-center\",\"media_overlay_gradient\":\"\",\"width_medium\":\"2-3\",\"position_sticky_breakpoint\":\"m\"},\"children\":[{\"type\":\"headline\",\"props\":{\"title_element\":\"h1\",\"content\":\"Echo Selector\"}},{\"type\":\"text\",\"props\":{\"margin\":\"default\",\"column_breakpoint\":\"m\",\"text_style\":\"lead\",\"dropcap\":false,\"content\":\"\n\n<p>ANALOG DUB &amp; DIGITAL REGGAE DESDE COLOMBIA!!<\\\/p>\"}},{\"type\":\"headline\",\"props\":{\"title_element\":\"h5\",\"content\":\"Echo Selector social media\"}},{\"type\":\"social\",\"props\":{\"link_style\":\"button\",\"grid\":\"horizontal\",\"grid_gap\":\"small\",\"margin\":\"default\"},\"children\":[{\"type\":\"social_item\",\"props\":{\"link\":\"https:\\\/\\\/soundcloud.com\\\/ruidoselecto\"}},{\"type\":\"social_item\",\"props\":{\"link\":\"https:\\\/\\\/echoselector.bandcamp.com\\\/album\\\/dubsession-vol-1\"}},{\"type\":\"social_item\",\"props\":{\"link\":\"https:\\\/\\\/instagram.com\\\/echoselector\"}}]}]},{\"type\":\"column\",\"props\":{\"image_position\":\"center-center\",\"media_overlay_gradient\":\"\",\"width_medium\":\"1-3\",\"position_sticky_breakpoint\":\"m\"},\"children\":[{\"type\":\"image\",\"props\":{\"margin\":\"default\",\"image_svg_color\":\"emphasis\",\"image\":\"wp-content\\\/uploads\\\/2021\\\/06\\\/Copia-de-Logo.png\",\"image_alt\":\"Echo Selector\"}}]}],\"props\":{\"layout\":\"2-3,1-3\"}}]},{\"type\":\"section\",\"props\":{\"style\":\"default\",\"width\":\"default\",\"vertical_align\":\"middle\",\"title_position\":\"top-left\",\"title_rotation\":\"left\",\"title_breakpoint\":\"xl\",\"image_position\":\"center-center\"},\"children\":[{\"type\":\"row\",\"children\":[{\"type\":\"column\",\"props\":{\"image_position\":\"center-center\",\"media_overlay_gradient\":\"\",\"position_sticky_breakpoint\":\"m\"},\"children\":[{\"type\":\"headline\",\"props\":{\"title_element\":\"h3\",\"content\":\"Dub Commander - VIDEOCLIP\"}},{\"type\":\"video\",\"props\":{\"video_controls\":true,\"margin\":\"default\",\"video\":\"https:\\\/\\\/www.youtube.com\\\/watch?v=uOKEWDwBm6M&ab_channel=EchoSelector\",\"video_width\":\"1170\"}}]}]}]},{\"type\":\"section\",\"props\":{\"style\":\"default\",\"width\":\"default\",\"vertical_align\":\"middle\",\"title_position\":\"top-left\",\"title_rotation\":\"left\",\"title_breakpoint\":\"xl\",\"image_position\":\"center-center\"},\"children\":[{\"type\":\"row\",\"children\":[{\"type\":\"column\",\"props\":{\"image_position\":\"center-center\",\"media_overlay_gradient\":\"\",\"position_sticky_breakpoint\":\"m\"},\"children\":[{\"type\":\"headline\",\"props\":{\"title_element\":\"h3\",\"content\":\"EN VIVO EN EL TEATRO TOB\\u00d3N URIBE\\u00a0 2020\"}},{\"type\":\"video\",\"props\":{\"video_controls\":true,\"margin\":\"default\",\"video\":\"https:\\\/\\\/youtu.be\\\/AC6rNnAeZ5o\",\"video_width\":\"1170\"}}]}]}]},{\"type\":\"section\",\"props\":{\"style\":\"default\",\"width\":\"default\",\"vertical_align\":\"middle\",\"title_position\":\"top-left\",\"title_rotation\":\"left\",\"title_breakpoint\":\"xl\",\"image_position\":\"center-center\"},\"children\":[{\"type\":\"row\",\"children\":[{\"type\":\"column\",\"props\":{\"image_position\":\"center-center\",\"media_overlay_gradient\":\"\",\"position_sticky_breakpoint\":\"m\"},\"children\":[]}]},{\"type\":\"row\",\"children\":[{\"type\":\"column\",\"props\":{\"image_position\":\"center-center\",\"media_overlay_gradient\":\"\",\"position_sticky_breakpoint\":\"m\"},\"children\":[]}]},{\"type\":\"row\",\"children\":[{\"type\":\"column\",\"props\":{\"image_position\":\"center-center\",\"media_overlay_gradient\":\"\",\"width_medium\":\"2-3\",\"position_sticky_breakpoint\":\"m\"},\"children\":[{\"type\":\"text\",\"props\":{\"margin\":\"default\",\"column_breakpoint\":\"m\",\"text_style\":\"lead\",\"dropcap\":false,\"content\":\"\n\n<p>\\u00a1Dub y ritmos Jamaiquinos con sabor colombiano!<\\\/p>\\n\n\n<p>Live Dubmixing Act<\\\/p>\"}},{\"type\":\"text\",\"props\":{\"margin\":\"default\",\"column_breakpoint\":\"m\",\"text_size\":\"large\",\"content\":\"\n\n<p>Echo Selector ha tenido la oportunidad de colaborar con artistas de importantes agrupaciones a nivel nacional como; De bruces a m\\u00ed, Providencia, Tarmac. Se destacan presentaciones en el Teatro Pablo Tob\\u00f3n Uribe de Medell\\u00edn y varias sesiones en el Gran Latido Soundsystem de Bogot\\u00e1.\\u00a0<\\\/p>\\n\n\n<p><\\\/p>\"}}]},{\"type\":\"column\",\"props\":{\"image_position\":\"center-center\",\"media_overlay_gradient\":\"\",\"width_medium\":\"1-3\",\"position_sticky_breakpoint\":\"m\"},\"children\":[]}],\"props\":{\"layout\":\"2-3,1-3\"}}]},{\"type\":\"section\",\"props\":{\"style\":\"default\",\"width\":\"default\",\"vertical_align\":\"middle\",\"title_position\":\"top-left\",\"title_rotation\":\"left\",\"title_breakpoint\":\"xl\",\"image_position\":\"center-center\"},\"children\":[{\"type\":\"row\",\"children\":[{\"type\":\"column\",\"props\":{\"image_position\":\"center-center\",\"media_overlay_gradient\":\"\",\"position_sticky_breakpoint\":\"m\"},\"children\":[{\"type\":\"headline\",\"props\":{\"title_element\":\"h3\",\"content\":\"Echo Selector - Dubsession<br \/>\\nVol.1, Cap\\u00edtulo 1: The Return Of The Dub Robot\"}},{\"type\":\"video\",\"props\":{\"video_controls\":true,\"margin\":\"default\",\"video\":\"https:\\\/\\\/www.youtube.com\\\/watch?v=jN_GvDBXavU\",\"video_width\":\"1170\"}}]}]}]},{\"type\":\"section\",\"props\":{\"style\":\"default\",\"width\":\"default\",\"vertical_align\":\"middle\",\"title_position\":\"top-left\",\"title_rotation\":\"left\",\"title_breakpoint\":\"xl\",\"image_position\":\"top-left\",\"image\":\"wp-content\\\/uploads\\\/2022\\\/06\\\/DSC_9496.jpg\",\"image_size\":\"cover\",\"height\":\"full\",\"image_parallax_bgy_start\":\"0\",\"image_parallax_bgy_end\":\"-600\",\"title\":\"Img\"},\"children\":[{\"type\":\"row\",\"children\":[{\"type\":\"column\",\"props\":{\"image_position\":\"center-center\",\"media_overlay_gradient\":\"\",\"position_sticky_breakpoint\":\"m\"},\"children\":[]}]}],\"name\":\"Foto\"},{\"type\":\"section\",\"props\":{\"style\":\"default\",\"width\":\"default\",\"vertical_align\":\"middle\",\"title_position\":\"top-left\",\"title_rotation\":\"left\",\"title_breakpoint\":\"xl\",\"image_position\":\"center-center\"},\"children\":[{\"type\":\"row\",\"children\":[{\"type\":\"column\",\"props\":{\"image_position\":\"center-center\",\"media_overlay_gradient\":\"\",\"position_sticky_breakpoint\":\"m\"},\"children\":[{\"type\":\"headline\",\"props\":{\"title_element\":\"h1\",\"content\":\"APOYA NUESTRA M\\u00daSICA:\"}},{\"type\":\"grid\",\"props\":{\"show_title\":true,\"show_meta\":true,\"show_content\":true,\"show_image\":true,\"show_link\":true,\"grid_default\":\"1\",\"grid_medium\":\"1\",\"filter_style\":\"tab\",\"filter_all\":true,\"filter_position\":\"top\",\"filter_align\":\"left\",\"filter_grid_width\":\"auto\",\"filter_grid_breakpoint\":\"m\",\"title_hover_style\":\"reset\",\"title_element\":\"h3\",\"title_align\":\"top\",\"title_grid_width\":\"1-2\",\"title_grid_breakpoint\":\"m\",\"meta_style\":\"meta\",\"meta_align\":\"below-title\",\"meta_element\":\"div\",\"content_column_breakpoint\":\"m\",\"icon_width\":80,\"image_align\":\"top\",\"image_grid_width\":\"1-2\",\"image_grid_breakpoint\":\"m\",\"image_svg_color\":\"emphasis\",\"link_text\":\"Read more\",\"link_style\":\"default\",\"margin\":\"default\",\"item_animation\":true},\"children\":[{\"type\":\"grid_item\",\"props\":{\"title\":\"\",\"content\":\"\",\"image\":\"\",\"meta\":\"\",\"link\":\"https:\\\/\\\/echoselector.bandcamp.com\\\/album\\\/dubsession-vol-1\",\"link_text\":\"VISITA BANDCAMP\"}}]}]}]}],\"modified\":\"2022-03-28T16:04:44.562Z\",\"name\":\"Releases section\"}],\"version\":\"2.7.22\"} --><\/p>\n","protected":false},"excerpt":{"rendered":"<p>Ya disponible Echo Space EP, edici\u00f3n exclusiva en vinilo 10&#8243; y Bandcamp Echo Space es un \u00e1lbum que explora el Dub, la m\u00fasica de jamaica y de Colombia. Esta es una producci\u00f3n con m\u00fasica energica y rica en matices sonoros donde se encuentran ritmos como el ska y el steppa junto a sonidos percutidos con [&hellip;]<\/p>\n","protected":false},"author":1,"featured_media":0,"parent":0,"menu_order":0,"comment_status":"closed","ping_status":"closed","template":"","meta":{"footnotes":""},"class_list":["post-94","page","type-page","status-publish","hentry"],"yoast_head":"<!-- This site is optimized with the Yoast SEO plugin v27.4 - https:\/\/yoast.com\/product\/yoast-seo-wordpress\/ -->\n<title>Echo Selector - Ruido Selecto \/ Echo Selector<\/title>\n<meta name=\"robots\" content=\"index, follow, max-snippet:-1, max-image-preview:large, max-video-preview:-1\" \/>\n<link rel=\"canonical\" href=\"https:\/\/ruidoselecto.com\/es\/echo-selector\/\" \/>\n<meta property=\"og:locale\" content=\"es_ES\" \/>\n<meta property=\"og:type\" content=\"article\" \/>\n<meta property=\"og:title\" content=\"Echo Selector - Ruido Selecto \/ Echo Selector\" \/>\n<meta property=\"og:description\" content=\"Ya disponible Echo Space EP, edici\u00f3n exclusiva en vinilo 10&#8243; y Bandcamp Echo Space es un \u00e1lbum que explora el Dub, la m\u00fasica de jamaica y de Colombia. Esta es una producci\u00f3n con m\u00fasica energica y rica en matices sonoros donde se encuentran ritmos como el ska y el steppa junto a sonidos percutidos con [&hellip;]\" \/>\n<meta property=\"og:url\" content=\"https:\/\/ruidoselecto.com\/es\/echo-selector\/\" \/>\n<meta property=\"og:site_name\" content=\"Ruido Selecto \/ Echo Selector\" \/>\n<meta property=\"article:modified_time\" content=\"2023-08-10T20:17:25+00:00\" \/>\n<meta property=\"og:image\" content=\"https:\/\/ruidoselecto.com\/wp-content\/uploads\/2022\/06\/Screen-Shot-2021-04-09-at-10.49.11-AM.png\" \/>\n\t<meta property=\"og:image:width\" content=\"1277\" \/>\n\t<meta property=\"og:image:height\" content=\"852\" \/>\n\t<meta property=\"og:image:type\" content=\"image\/png\" \/>\n<meta name=\"twitter:card\" content=\"summary_large_image\" \/>\n<meta name=\"twitter:label1\" content=\"Tiempo de lectura\" \/>\n\t<meta name=\"twitter:data1\" content=\"1 minuto\" \/>\n<script type=\"application\/ld+json\" class=\"yoast-schema-graph\">{\"@context\":\"https:\\\/\\\/schema.org\",\"@graph\":[{\"@type\":\"WebPage\",\"@id\":\"https:\\\/\\\/ruidoselecto.com\\\/es\\\/echo-selector\\\/\",\"url\":\"https:\\\/\\\/ruidoselecto.com\\\/es\\\/echo-selector\\\/\",\"name\":\"Echo Selector - Ruido Selecto \\\/ Echo Selector\",\"isPartOf\":{\"@id\":\"https:\\\/\\\/ruidoselecto.com\\\/es\\\/#website\"},\"datePublished\":\"2021-05-08T19:42:13+00:00\",\"dateModified\":\"2023-08-10T20:17:25+00:00\",\"breadcrumb\":{\"@id\":\"https:\\\/\\\/ruidoselecto.com\\\/es\\\/echo-selector\\\/#breadcrumb\"},\"inLanguage\":\"es\",\"potentialAction\":[{\"@type\":\"ReadAction\",\"target\":[\"https:\\\/\\\/ruidoselecto.com\\\/es\\\/echo-selector\\\/\"]}]},{\"@type\":\"BreadcrumbList\",\"@id\":\"https:\\\/\\\/ruidoselecto.com\\\/es\\\/echo-selector\\\/#breadcrumb\",\"itemListElement\":[{\"@type\":\"ListItem\",\"position\":1,\"name\":\"Home\",\"item\":\"https:\\\/\\\/ruidoselecto.com\\\/es\\\/\"},{\"@type\":\"ListItem\",\"position\":2,\"name\":\"Echo Selector\"}]},{\"@type\":\"WebSite\",\"@id\":\"https:\\\/\\\/ruidoselecto.com\\\/es\\\/#website\",\"url\":\"https:\\\/\\\/ruidoselecto.com\\\/es\\\/\",\"name\":\"Ruido Selecto \\\/ Echo Selector\",\"description\":\"Studio &amp; Production\",\"potentialAction\":[{\"@type\":\"SearchAction\",\"target\":{\"@type\":\"EntryPoint\",\"urlTemplate\":\"https:\\\/\\\/ruidoselecto.com\\\/es\\\/?s={search_term_string}\"},\"query-input\":{\"@type\":\"PropertyValueSpecification\",\"valueRequired\":true,\"valueName\":\"search_term_string\"}}],\"inLanguage\":\"es\"}]}<\/script>\n<!-- \/ Yoast SEO plugin. -->","yoast_head_json":{"title":"Echo Selector - Ruido Selecto \/ Echo Selector","robots":{"index":"index","follow":"follow","max-snippet":"max-snippet:-1","max-image-preview":"max-image-preview:large","max-video-preview":"max-video-preview:-1"},"canonical":"https:\/\/ruidoselecto.com\/es\/echo-selector\/","og_locale":"es_ES","og_type":"article","og_title":"Echo Selector - Ruido Selecto \/ Echo Selector","og_description":"Ya disponible Echo Space EP, edici\u00f3n exclusiva en vinilo 10&#8243; y Bandcamp Echo Space es un \u00e1lbum que explora el Dub, la m\u00fasica de jamaica y de Colombia. Esta es una producci\u00f3n con m\u00fasica energica y rica en matices sonoros donde se encuentran ritmos como el ska y el steppa junto a sonidos percutidos con [&hellip;]","og_url":"https:\/\/ruidoselecto.com\/es\/echo-selector\/","og_site_name":"Ruido Selecto \/ Echo Selector","article_modified_time":"2023-08-10T20:17:25+00:00","og_image":[{"width":1277,"height":852,"url":"https:\/\/ruidoselecto.com\/wp-content\/uploads\/2022\/06\/Screen-Shot-2021-04-09-at-10.49.11-AM.png","type":"image\/png"}],"twitter_card":"summary_large_image","twitter_misc":{"Tiempo de lectura":"1 minuto"},"schema":{"@context":"https:\/\/schema.org","@graph":[{"@type":"WebPage","@id":"https:\/\/ruidoselecto.com\/es\/echo-selector\/","url":"https:\/\/ruidoselecto.com\/es\/echo-selector\/","name":"Echo Selector - Ruido Selecto \/ Echo Selector","isPartOf":{"@id":"https:\/\/ruidoselecto.com\/es\/#website"},"datePublished":"2021-05-08T19:42:13+00:00","dateModified":"2023-08-10T20:17:25+00:00","breadcrumb":{"@id":"https:\/\/ruidoselecto.com\/es\/echo-selector\/#breadcrumb"},"inLanguage":"es","potentialAction":[{"@type":"ReadAction","target":["https:\/\/ruidoselecto.com\/es\/echo-selector\/"]}]},{"@type":"BreadcrumbList","@id":"https:\/\/ruidoselecto.com\/es\/echo-selector\/#breadcrumb","itemListElement":[{"@type":"ListItem","position":1,"name":"Home","item":"https:\/\/ruidoselecto.com\/es\/"},{"@type":"ListItem","position":2,"name":"Echo Selector"}]},{"@type":"WebSite","@id":"https:\/\/ruidoselecto.com\/es\/#website","url":"https:\/\/ruidoselecto.com\/es\/","name":"Ruido Selecto \/ Echo Selector","description":"Studio &amp; Production","potentialAction":[{"@type":"SearchAction","target":{"@type":"EntryPoint","urlTemplate":"https:\/\/ruidoselecto.com\/es\/?s={search_term_string}"},"query-input":{"@type":"PropertyValueSpecification","valueRequired":true,"valueName":"search_term_string"}}],"inLanguage":"es"}]}},"_links":{"self":[{"href":"https:\/\/ruidoselecto.com\/es\/wp-json\/wp\/v2\/pages\/94","targetHints":{"allow":["GET"]}}],"collection":[{"href":"https:\/\/ruidoselecto.com\/es\/wp-json\/wp\/v2\/pages"}],"about":[{"href":"https:\/\/ruidoselecto.com\/es\/wp-json\/wp\/v2\/types\/page"}],"author":[{"embeddable":true,"href":"https:\/\/ruidoselecto.com\/es\/wp-json\/wp\/v2\/users\/1"}],"replies":[{"embeddable":true,"href":"https:\/\/ruidoselecto.com\/es\/wp-json\/wp\/v2\/comments?post=94"}],"version-history":[{"count":3,"href":"https:\/\/ruidoselecto.com\/es\/wp-json\/wp\/v2\/pages\/94\/revisions"}],"predecessor-version":[{"id":558,"href":"https:\/\/ruidoselecto.com\/es\/wp-json\/wp\/v2\/pages\/94\/revisions\/558"}],"wp:attachment":[{"href":"https:\/\/ruidoselecto.com\/es\/wp-json\/wp\/v2\/media?parent=94"}],"curies":[{"name":"wp","href":"https:\/\/api.w.org\/{rel}","templated":true}]}}