{"id":91,"date":"2021-05-08T16:59:15","date_gmt":"2021-05-08T16:59:15","guid":{"rendered":"http:\/\/dev.coreographix.info\/rs\/home\/"},"modified":"2024-08-12T03:23:08","modified_gmt":"2024-08-12T03:23:08","slug":"home","status":"publish","type":"page","link":"https:\/\/ruidoselecto.com\/es\/","title":{"rendered":"Inicio"},"content":{"rendered":"<p><img decoding=\"async\" src=\"\/wp-content\/uploads\/2024\/05\/DSC_9553.jpg\" alt=\"\"><\/p>\n<p><!--more--><br \/>\n<!-- {\"type\":\"layout\",\"children\":[{\"type\":\"section\",\"props\":{\"image_position\":\"center-center\",\"style\":\"default\",\"title_breakpoint\":\"xl\",\"title_position\":\"top-left\",\"title_rotation\":\"left\",\"vertical_align\":\"middle\",\"width\":\"default\"},\"children\":[{\"type\":\"row\",\"children\":[{\"type\":\"column\",\"props\":{\"image_position\":\"center-center\",\"position_sticky_breakpoint\":\"m\"},\"children\":[{\"type\":\"image\",\"props\":{\"image\":\"wp-content\\\/uploads\\\/2024\\\/05\\\/DSC_9553.jpg\",\"image_border\":\"rounded\",\"image_svg_color\":\"emphasis\",\"margin\":\"default\"}}]}]}]},{\"type\":\"section\",\"props\":{\"image_position\":\"center-center\",\"style\":\"default\",\"title_breakpoint\":\"xl\",\"title_position\":\"top-left\",\"title_rotation\":\"left\",\"vertical_align\":\"middle\",\"width\":\"default\"},\"children\":[{\"type\":\"row\",\"children\":[{\"type\":\"column\",\"props\":{\"image_position\":\"center-center\",\"position_sticky_breakpoint\":\"m\"}}]}]}],\"version\":\"4.3.8\"} --><\/p>\n","protected":false},"excerpt":{"rendered":"","protected":false},"author":1,"featured_media":0,"parent":0,"menu_order":0,"comment_status":"closed","ping_status":"closed","template":"","meta":{"footnotes":""},"class_list":["post-91","page","type-page","status-publish","hentry"],"yoast_head":"<!-- This site is optimized with the Yoast SEO plugin v27.4 - https:\/\/yoast.com\/product\/yoast-seo-wordpress\/ -->\n<title>Ruido Selecto \/ Echo Selector Proyectos musicales desde Medell\u00edn<\/title>\n<meta name=\"description\" content=\"Ruido Selecto y Echo Selector son los proyectos musicales de Juan Esteban Herrera, m\u00fasico y productor de Medell\u00edn, Colombia. Entra en mi web.\" \/>\n<meta name=\"robots\" content=\"index, follow, max-snippet:-1, max-image-preview:large, max-video-preview:-1\" \/>\n<link rel=\"canonical\" href=\"https:\/\/ruidoselecto.com\/es\/\" \/>\n<meta property=\"og:locale\" content=\"es_ES\" \/>\n<meta property=\"og:type\" content=\"article\" \/>\n<meta property=\"og:title\" content=\"Ruido Selecto \/ Echo Selector Proyectos musicales desde Medell\u00edn\" \/>\n<meta property=\"og:description\" content=\"Ruido Selecto y Echo Selector son los proyectos musicales de Juan Esteban Herrera, m\u00fasico y productor de Medell\u00edn, Colombia. Entra en mi web.\" \/>\n<meta property=\"og:url\" content=\"https:\/\/ruidoselecto.com\/es\/\" \/>\n<meta property=\"og:site_name\" content=\"Ruido Selecto \/ Echo Selector\" \/>\n<meta property=\"article:modified_time\" content=\"2024-08-12T03:23:08+00:00\" \/>\n<meta property=\"og:image\" content=\"https:\/\/ruidoselecto.com\/wp-content\/uploads\/2022\/06\/Screen-Shot-2021-04-09-at-10.49.11-AM.png\" \/>\n\t<meta property=\"og:image:width\" content=\"1277\" \/>\n\t<meta property=\"og:image:height\" content=\"852\" \/>\n\t<meta property=\"og:image:type\" content=\"image\/png\" \/>\n<meta name=\"twitter:card\" content=\"summary_large_image\" \/>\n<script type=\"application\/ld+json\" class=\"yoast-schema-graph\">{\"@context\":\"https:\\\/\\\/schema.org\",\"@graph\":[{\"@type\":\"WebPage\",\"@id\":\"https:\\\/\\\/ruidoselecto.com\\\/es\\\/\",\"url\":\"https:\\\/\\\/ruidoselecto.com\\\/es\\\/\",\"name\":\"Ruido Selecto \\\/ Echo Selector Proyectos musicales desde Medell\u00edn\",\"isPartOf\":{\"@id\":\"https:\\\/\\\/ruidoselecto.com\\\/es\\\/#website\"},\"datePublished\":\"2021-05-08T16:59:15+00:00\",\"dateModified\":\"2024-08-12T03:23:08+00:00\",\"description\":\"Ruido Selecto y Echo Selector son los proyectos musicales de Juan Esteban Herrera, m\u00fasico y productor de Medell\u00edn, Colombia. Entra en mi web.\",\"breadcrumb\":{\"@id\":\"https:\\\/\\\/ruidoselecto.com\\\/es\\\/#breadcrumb\"},\"inLanguage\":\"es\",\"potentialAction\":[{\"@type\":\"ReadAction\",\"target\":[\"https:\\\/\\\/ruidoselecto.com\\\/es\\\/\"]}]},{\"@type\":\"BreadcrumbList\",\"@id\":\"https:\\\/\\\/ruidoselecto.com\\\/es\\\/#breadcrumb\",\"itemListElement\":[{\"@type\":\"ListItem\",\"position\":1,\"name\":\"Home\",\"item\":\"https:\\\/\\\/ruidoselecto.com\\\/es\\\/\"},{\"@type\":\"ListItem\",\"position\":2,\"name\":\"Inicio\"}]},{\"@type\":\"WebSite\",\"@id\":\"https:\\\/\\\/ruidoselecto.com\\\/es\\\/#website\",\"url\":\"https:\\\/\\\/ruidoselecto.com\\\/es\\\/\",\"name\":\"Ruido Selecto \\\/ Echo Selector\",\"description\":\"Studio &amp; Production\",\"potentialAction\":[{\"@type\":\"SearchAction\",\"target\":{\"@type\":\"EntryPoint\",\"urlTemplate\":\"https:\\\/\\\/ruidoselecto.com\\\/es\\\/?s={search_term_string}\"},\"query-input\":{\"@type\":\"PropertyValueSpecification\",\"valueRequired\":true,\"valueName\":\"search_term_string\"}}],\"inLanguage\":\"es\"}]}<\/script>\n<!-- \/ Yoast SEO plugin. -->","yoast_head_json":{"title":"Ruido Selecto \/ Echo Selector Proyectos musicales desde Medell\u00edn","description":"Ruido Selecto y Echo Selector son los proyectos musicales de Juan Esteban Herrera, m\u00fasico y productor de Medell\u00edn, Colombia. Entra en mi web.","robots":{"index":"index","follow":"follow","max-snippet":"max-snippet:-1","max-image-preview":"max-image-preview:large","max-video-preview":"max-video-preview:-1"},"canonical":"https:\/\/ruidoselecto.com\/es\/","og_locale":"es_ES","og_type":"article","og_title":"Ruido Selecto \/ Echo Selector Proyectos musicales desde Medell\u00edn","og_description":"Ruido Selecto y Echo Selector son los proyectos musicales de Juan Esteban Herrera, m\u00fasico y productor de Medell\u00edn, Colombia. Entra en mi web.","og_url":"https:\/\/ruidoselecto.com\/es\/","og_site_name":"Ruido Selecto \/ Echo Selector","article_modified_time":"2024-08-12T03:23:08+00:00","og_image":[{"width":1277,"height":852,"url":"https:\/\/ruidoselecto.com\/wp-content\/uploads\/2022\/06\/Screen-Shot-2021-04-09-at-10.49.11-AM.png","type":"image\/png"}],"twitter_card":"summary_large_image","schema":{"@context":"https:\/\/schema.org","@graph":[{"@type":"WebPage","@id":"https:\/\/ruidoselecto.com\/es\/","url":"https:\/\/ruidoselecto.com\/es\/","name":"Ruido Selecto \/ Echo Selector Proyectos musicales desde Medell\u00edn","isPartOf":{"@id":"https:\/\/ruidoselecto.com\/es\/#website"},"datePublished":"2021-05-08T16:59:15+00:00","dateModified":"2024-08-12T03:23:08+00:00","description":"Ruido Selecto y Echo Selector son los proyectos musicales de Juan Esteban Herrera, m\u00fasico y productor de Medell\u00edn, Colombia. Entra en mi web.","breadcrumb":{"@id":"https:\/\/ruidoselecto.com\/es\/#breadcrumb"},"inLanguage":"es","potentialAction":[{"@type":"ReadAction","target":["https:\/\/ruidoselecto.com\/es\/"]}]},{"@type":"BreadcrumbList","@id":"https:\/\/ruidoselecto.com\/es\/#breadcrumb","itemListElement":[{"@type":"ListItem","position":1,"name":"Home","item":"https:\/\/ruidoselecto.com\/es\/"},{"@type":"ListItem","position":2,"name":"Inicio"}]},{"@type":"WebSite","@id":"https:\/\/ruidoselecto.com\/es\/#website","url":"https:\/\/ruidoselecto.com\/es\/","name":"Ruido Selecto \/ Echo Selector","description":"Studio &amp; Production","potentialAction":[{"@type":"SearchAction","target":{"@type":"EntryPoint","urlTemplate":"https:\/\/ruidoselecto.com\/es\/?s={search_term_string}"},"query-input":{"@type":"PropertyValueSpecification","valueRequired":true,"valueName":"search_term_string"}}],"inLanguage":"es"}]}},"_links":{"self":[{"href":"https:\/\/ruidoselecto.com\/es\/wp-json\/wp\/v2\/pages\/91","targetHints":{"allow":["GET"]}}],"collection":[{"href":"https:\/\/ruidoselecto.com\/es\/wp-json\/wp\/v2\/pages"}],"about":[{"href":"https:\/\/ruidoselecto.com\/es\/wp-json\/wp\/v2\/types\/page"}],"author":[{"embeddable":true,"href":"https:\/\/ruidoselecto.com\/es\/wp-json\/wp\/v2\/users\/1"}],"replies":[{"embeddable":true,"href":"https:\/\/ruidoselecto.com\/es\/wp-json\/wp\/v2\/comments?post=91"}],"version-history":[{"count":3,"href":"https:\/\/ruidoselecto.com\/es\/wp-json\/wp\/v2\/pages\/91\/revisions"}],"predecessor-version":[{"id":693,"href":"https:\/\/ruidoselecto.com\/es\/wp-json\/wp\/v2\/pages\/91\/revisions\/693"}],"wp:attachment":[{"href":"https:\/\/ruidoselecto.com\/es\/wp-json\/wp\/v2\/media?parent=91"}],"curies":[{"name":"wp","href":"https:\/\/api.w.org\/{rel}","templated":true}]}}