{"id":101,"date":"2021-05-08T19:35:36","date_gmt":"2021-05-08T19:35:36","guid":{"rendered":"http:\/\/dev.coreographix.info\/rs\/studio\/"},"modified":"2023-08-29T21:53:15","modified_gmt":"2023-08-29T21:53:15","slug":"mix-and-mastering","status":"publish","type":"page","link":"https:\/\/ruidoselecto.com\/es\/mix-and-mastering\/","title":{"rendered":"Mix &#038; Mastering"},"content":{"rendered":"<h2>Mix &amp; Mastering<\/h2>\n<p><img decoding=\"async\" src=\"\/wp-content\/uploads\/2021\/06\/foto-estudio-juan-esteban-herrera.jpg\" alt=\"\"><\/p>\n<div>\n<p>Me gusta crear y producir m\u00fasica, tambi\u00e9n disfruto mezclar y masterizar de la misma manera. Soy fan\u00e1tico de los sintetizadores, el MIDI, las t\u00e9cnicas de dubmixing y de las herramientas de control y an\u00e1lisis de audio.<\/p>\n<p>Para m\u00ed, lo m\u00e1s importante es ESCUCHAR atentamente y CONECTAR est\u00e9ticamente con cada proyecto en el que trabajo. Mi labor se basa en encontrar la mejor forma de transmitir el car\u00e1cter musical de cada proyecto a trav\u00e9s de los altavoces. Entrego lo mejor de m\u00ed en cada proyecto de la manera m\u00e1s profesional.<\/p>\n<\/div>\n<div>\n<p>Estas son las labores en las cuales puedo aportar profesionalmente a tu proyecto musical:<\/p>\n<\/div>\n<ul>\n<li>\n<div>\n<p>Productor musical<\/p>\n<\/div>\n<\/li>\n<li>\n<div>\n<p>Mezcla de audio\u00a0<\/p>\n<\/div>\n<\/li>\n<li>\n<div>\n<p>Mastering\u00a0<\/p>\n<\/div>\n<\/li>\n<\/ul>\n<div>\n<p>Tambi\u00e9n:<\/p>\n<\/div>\n<ul>\n<li>\n<div>\n<p>Remixer<\/p>\n<\/div>\n<\/li>\n<li>\n<div>Beatmaker<\/div>\n<\/li>\n<\/ul>\n<hr>\n<div>\n<h3>Algo de mi trabajo <\/h3>\n<div><iframe loading=\"lazy\" style=\"border-radius:12px\" src=\"https:\/\/open.spotify.com\/embed\/playlist\/6K3lHOG69R7wKLfxGpsQkT?utm_source=generator&#038;theme=0\" width=\"100%\" height=\"380\" frameBorder=\"0\" allowfullscreen=\"\" allow=\"autoplay; clipboard-write; encrypted-media; fullscreen; picture-in-picture\"><\/iframe><\/div>\n<\/div>\n<div>\n<p>D\u00e9jame saber c\u00f3mo podemos colaborar en tu proyecto<\/p>\n<\/div>\n<h2>Cont\u00e1ctame<\/h2>\n<p>\n    <a href=\"mailto:info@ruidoselecto.com\">Escribe ahora<\/a>\n<\/p>\n<p><!--more--><br \/>\n<!-- {\"name\":\"Video\",\"type\":\"layout\",\"children\":[{\"name\":\"Hero\",\"type\":\"section\",\"props\":{\"animation\":\"slide-bottom-medium\",\"header_overlay\":\"light\",\"height_viewport\":false,\"image\":\"wp-content\\\/uploads\\\/2022\\\/11\\\/DSCF2483.jpg\",\"image_fixed\":true,\"image_position\":\"center-center\",\"image_size\":\"height-1-1\",\"media_background\":\"#0E0E0E\",\"media_blend_mode\":\"lighten\",\"media_overlay\":\"rgba(30, 26, 65, 0)\",\"media_visibility\":\"m\",\"padding\":\"xlarge\",\"padding_remove_top\":false,\"style\":\"default\",\"text_color\":\"light\",\"title_breakpoint\":\"xl\",\"title_position\":\"top-left\",\"title_rotation\":\"left\",\"vertical_align\":\"middle\",\"video_height\":\"1080\",\"video_width\":\"1920\",\"width\":\"default\"},\"children\":[{\"type\":\"row\",\"props\":{\"vertical_align\":false},\"children\":[{\"type\":\"column\",\"props\":{\"image_position\":\"center-center\",\"position_sticky_breakpoint\":\"m\",\"width_medium\":\"1-1\"}}]}]},{\"name\":\"Teaser\",\"type\":\"section\",\"props\":{\"image_position\":\"center-center\",\"padding\":\"large\",\"style\":\"default\",\"title_breakpoint\":\"xl\",\"title_position\":\"top-left\",\"title_rotation\":\"left\",\"vertical_align\":\"middle\",\"width\":\"default\"},\"children\":[{\"type\":\"row\",\"props\":{\"margin\":\"large\"},\"children\":[{\"type\":\"column\",\"props\":{\"image_position\":\"center-center\",\"position_sticky_breakpoint\":\"m\",\"width_medium\":\"1-1\"},\"children\":[{\"type\":\"headline\",\"props\":{\"content\":\"Mix &amp; Mastering\",\"text_align\":\"left\",\"title_element\":\"h2\",\"title_style\":\"h3\"}}]}]},{\"type\":\"row\",\"props\":{\"layout\":\"3-4,1-4\"},\"children\":[{\"type\":\"column\",\"props\":{\"image_position\":\"center-center\",\"position_sticky_breakpoint\":\"m\",\"width_medium\":\"3-4\"},\"children\":[{\"type\":\"image\",\"props\":{\"image\":\"wp-content\\\/uploads\\\/2021\\\/06\\\/foto-estudio-juan-esteban-herrera.jpg\",\"image_svg_color\":\"emphasis\",\"margin\":\"default\"}},{\"type\":\"text\",\"props\":{\"column_breakpoint\":\"m\",\"content\":\"\n\n<p>Me gusta crear y producir m\\u00fasica, tambi\\u00e9n disfruto mezclar y masterizar de la misma manera. Soy fan\\u00e1tico de los sintetizadores, el MIDI, las t\\u00e9cnicas de dubmixing y de las herramientas de control y an\\u00e1lisis de audio.<\\\/p>\\n\n\n<p>Para m\\u00ed, lo m\\u00e1s importante es ESCUCHAR atentamente y CONECTAR est\\u00e9ticamente con cada proyecto en el que trabajo. Mi labor se basa en encontrar la mejor forma de transmitir el car\\u00e1cter musical de cada proyecto a trav\\u00e9s de los altavoces. Entrego lo mejor de m\\u00ed en cada proyecto de la manera m\\u00e1s profesional.<\\\/p>\",\"margin\":\"default\",\"text_color\":\"emphasis\",\"text_style\":\"large\"}},{\"type\":\"text\",\"props\":{\"column_breakpoint\":\"m\",\"content\":\"\n\n<p>Estas son las labores en las cuales puedo aportar profesionalmente a tu proyecto musical:<\\\/p>\",\"margin\":\"default\",\"text_color\":\"emphasis\",\"text_style\":\"large\"}},{\"type\":\"list\",\"props\":{\"column_breakpoint\":\"m\",\"content_style\":\"h4\",\"image_align\":\"left\",\"image_svg_color\":\"emphasis\",\"image_vertical_align\":true,\"list_element\":\"ul\",\"list_horizontal_separator\":\", \",\"list_marker\":\"circle\",\"list_marker_color\":\"emphasis\",\"list_size\":\"large\",\"list_type\":\"vertical\",\"show_image\":true,\"show_link\":true},\"children\":[{\"type\":\"list_item\",\"props\":{\"content\":\"\n\n<p>Productor musical<\\\/p>\"}},{\"type\":\"list_item\",\"props\":{\"content\":\"\n\n<p>Mezcla de audio\\u00a0<\\\/p>\"}},{\"type\":\"list_item\",\"props\":{\"content\":\"\n\n<p>Mastering\\u00a0<\\\/p>\"}}]},{\"type\":\"text\",\"props\":{\"column_breakpoint\":\"m\",\"content\":\"\n\n<p>Tambi\\u00e9n:<\\\/p>\",\"margin\":\"default\",\"text_color\":\"emphasis\",\"text_style\":\"large\"}},{\"type\":\"list\",\"props\":{\"column_breakpoint\":\"m\",\"content_style\":\"h4\",\"image_align\":\"left\",\"image_svg_color\":\"emphasis\",\"image_vertical_align\":true,\"list_element\":\"ul\",\"list_horizontal_separator\":\", \",\"list_marker\":\"circle\",\"list_marker_color\":\"emphasis\",\"list_size\":\"large\",\"list_type\":\"vertical\",\"show_image\":true,\"show_link\":true},\"children\":[{\"type\":\"list_item\",\"props\":{\"content\":\"\n\n<p>Remixer<\\\/p>\"}},{\"type\":\"list_item\",\"props\":{\"content\":\"Beatmaker\"}}]}]},{\"type\":\"column\",\"props\":{\"image_position\":\"center-center\",\"position_sticky_breakpoint\":\"m\",\"width_medium\":\"1-4\"}}]},{\"type\":\"row\",\"children\":[{\"type\":\"column\",\"props\":{\"image_position\":\"center-center\",\"position_sticky_breakpoint\":\"m\"},\"children\":[{\"type\":\"divider\",\"props\":{\"divider_element\":\"hr\"}},{\"type\":\"grid\",\"props\":{\"content_column_breakpoint\":\"m\",\"filter_align\":\"left\",\"filter_all\":true,\"filter_grid_breakpoint\":\"m\",\"filter_grid_width\":\"auto\",\"filter_position\":\"top\",\"filter_style\":\"tab\",\"grid_default\":\"1\",\"grid_medium\":\"1\",\"icon_width\":80,\"image_align\":\"top\",\"image_grid_breakpoint\":\"m\",\"image_grid_width\":\"1-2\",\"image_svg_color\":\"emphasis\",\"item_animation\":true,\"link_style\":\"default\",\"link_text\":\"Read more\",\"margin\":\"default\",\"meta_align\":\"below-title\",\"meta_element\":\"div\",\"meta_style\":\"text-meta\",\"parallax_easing\":\"1\",\"show_content\":true,\"show_image\":true,\"show_link\":true,\"show_meta\":true,\"show_title\":true,\"title_align\":\"top\",\"title_element\":\"h3\",\"title_grid_breakpoint\":\"m\",\"title_grid_width\":\"1-2\",\"title_hover_style\":\"reset\"},\"children\":[{\"type\":\"grid_item\",\"props\":{\"content\":\"<iframe style=\\\"border-radius:12px\\\" src=\\\"https:\\\/\\\/open.spotify.com\\\/embed\\\/playlist\\\/6K3lHOG69R7wKLfxGpsQkT?utm_source=generator&theme=0\\\" width=\\\"100%\\\" height=\\\"380\\\" frameBorder=\\\"0\\\" allowfullscreen=\\\"\\\" allow=\\\"autoplay; clipboard-write; encrypted-media; fullscreen; picture-in-picture\\\"><\\\/iframe>\",\"title\":\"Algo de mi trabajo \"}}]},{\"type\":\"text\",\"props\":{\"column_breakpoint\":\"m\",\"content\":\"\n\n<p>D\\u00e9jame saber c\\u00f3mo podemos colaborar en tu proyecto<\\\/p>\",\"margin\":\"default\",\"text_style\":\"lead\"}}]}]}]},{\"name\":\"Social\",\"type\":\"section\",\"props\":{\"animation\":\"slide-top-medium\",\"image_position\":\"center-center\",\"padding\":\"large\",\"style\":\"primary\",\"title_breakpoint\":\"xl\",\"title_position\":\"top-left\",\"title_rotation\":\"left\",\"vertical_align\":\"middle\",\"width\":\"default\"},\"children\":[{\"type\":\"row\",\"children\":[{\"type\":\"column\",\"props\":{\"image_position\":\"center-center\",\"position_sticky_breakpoint\":\"m\",\"width_medium\":\"1-1\"},\"children\":[{\"type\":\"headline\",\"props\":{\"content\":\"Cont\\u00e1ctame\",\"margin\":\"medium\",\"text_align\":\"center\",\"title_element\":\"h2\",\"title_style\":\"h5\"}},{\"type\":\"button\",\"props\":{\"animation\":\"slide-bottom-medium\",\"button_size\":\"large\",\"grid_column_gap\":\"\",\"grid_row_gap\":\"\",\"margin\":\"default\",\"text_align\":\"center\",\"text_align_breakpoint\":\"m\",\"text_align_fallback\":\"center\"},\"children\":[{\"type\":\"button_item\",\"props\":{\"button_style\":\"primary\",\"content\":\"Escribe ahora\",\"icon\":\"\",\"icon_align\":\"right\",\"link\":\"mailto:info@ruidoselecto.com\"}}]}]}]}]}],\"version\":\"4.0.10\"} --><\/p>\n","protected":false},"excerpt":{"rendered":"<p>Mix &amp; Mastering Me gusta crear y producir m\u00fasica, tambi\u00e9n disfruto mezclar y masterizar de la misma manera. Soy fan\u00e1tico de los sintetizadores, el MIDI, las t\u00e9cnicas de dubmixing y de las herramientas de control y an\u00e1lisis de audio. Para m\u00ed, lo m\u00e1s importante es ESCUCHAR atentamente y CONECTAR est\u00e9ticamente con cada proyecto en el [&hellip;]<\/p>\n","protected":false},"author":1,"featured_media":0,"parent":0,"menu_order":0,"comment_status":"closed","ping_status":"closed","template":"","meta":{"footnotes":""},"class_list":["post-101","page","type-page","status-publish","hentry"],"yoast_head":"<!-- This site is optimized with the Yoast SEO plugin v27.4 - https:\/\/yoast.com\/product\/yoast-seo-wordpress\/ -->\n<title>Servicios de mezcla y mastering | Juan Esteban Herrera aka Ruido Selecto<\/title>\n<meta name=\"description\" content=\"Servicios de mezcla y mastering para producciones musicales. A cargo del ingeniero Juan Esteban Herrera aka Ruido Selecto. Trabajo en remoto.\" \/>\n<meta name=\"robots\" content=\"index, follow, max-snippet:-1, max-image-preview:large, max-video-preview:-1\" \/>\n<link rel=\"canonical\" href=\"https:\/\/ruidoselecto.com\/es\/mix-and-mastering\/\" \/>\n<meta property=\"og:locale\" content=\"es_ES\" \/>\n<meta property=\"og:type\" content=\"article\" \/>\n<meta property=\"og:title\" content=\"Servicios de mezcla y mastering | Juan Esteban Herrera aka Ruido Selecto\" \/>\n<meta property=\"og:description\" content=\"Servicios de mezcla y mastering para producciones musicales. A cargo del ingeniero Juan Esteban Herrera aka Ruido Selecto. Trabajo en remoto.\" \/>\n<meta property=\"og:url\" content=\"https:\/\/ruidoselecto.com\/es\/mix-and-mastering\/\" \/>\n<meta property=\"og:site_name\" content=\"Ruido Selecto \/ Echo Selector\" \/>\n<meta property=\"article:modified_time\" content=\"2023-08-29T21:53:15+00:00\" \/>\n<meta property=\"og:image\" content=\"https:\/\/ruidoselecto.com\/wp-content\/uploads\/2022\/06\/Screen-Shot-2021-04-09-at-10.49.11-AM.png\" \/>\n\t<meta property=\"og:image:width\" content=\"1277\" \/>\n\t<meta property=\"og:image:height\" content=\"852\" \/>\n\t<meta property=\"og:image:type\" content=\"image\/png\" \/>\n<meta name=\"twitter:card\" content=\"summary_large_image\" \/>\n<meta name=\"twitter:label1\" content=\"Tiempo de lectura\" \/>\n\t<meta name=\"twitter:data1\" content=\"1 minuto\" \/>\n<script type=\"application\/ld+json\" class=\"yoast-schema-graph\">{\"@context\":\"https:\\\/\\\/schema.org\",\"@graph\":[{\"@type\":\"WebPage\",\"@id\":\"https:\\\/\\\/ruidoselecto.com\\\/es\\\/mix-and-mastering\\\/\",\"url\":\"https:\\\/\\\/ruidoselecto.com\\\/es\\\/mix-and-mastering\\\/\",\"name\":\"Servicios de mezcla y mastering | Juan Esteban Herrera aka Ruido Selecto\",\"isPartOf\":{\"@id\":\"https:\\\/\\\/ruidoselecto.com\\\/es\\\/#website\"},\"datePublished\":\"2021-05-08T19:35:36+00:00\",\"dateModified\":\"2023-08-29T21:53:15+00:00\",\"description\":\"Servicios de mezcla y mastering para producciones musicales. A cargo del ingeniero Juan Esteban Herrera aka Ruido Selecto. Trabajo en remoto.\",\"breadcrumb\":{\"@id\":\"https:\\\/\\\/ruidoselecto.com\\\/es\\\/mix-and-mastering\\\/#breadcrumb\"},\"inLanguage\":\"es\",\"potentialAction\":[{\"@type\":\"ReadAction\",\"target\":[\"https:\\\/\\\/ruidoselecto.com\\\/es\\\/mix-and-mastering\\\/\"]}]},{\"@type\":\"BreadcrumbList\",\"@id\":\"https:\\\/\\\/ruidoselecto.com\\\/es\\\/mix-and-mastering\\\/#breadcrumb\",\"itemListElement\":[{\"@type\":\"ListItem\",\"position\":1,\"name\":\"Home\",\"item\":\"https:\\\/\\\/ruidoselecto.com\\\/es\\\/\"},{\"@type\":\"ListItem\",\"position\":2,\"name\":\"Mix &#038; Mastering\"}]},{\"@type\":\"WebSite\",\"@id\":\"https:\\\/\\\/ruidoselecto.com\\\/es\\\/#website\",\"url\":\"https:\\\/\\\/ruidoselecto.com\\\/es\\\/\",\"name\":\"Ruido Selecto \\\/ Echo Selector\",\"description\":\"Studio &amp; Production\",\"potentialAction\":[{\"@type\":\"SearchAction\",\"target\":{\"@type\":\"EntryPoint\",\"urlTemplate\":\"https:\\\/\\\/ruidoselecto.com\\\/es\\\/?s={search_term_string}\"},\"query-input\":{\"@type\":\"PropertyValueSpecification\",\"valueRequired\":true,\"valueName\":\"search_term_string\"}}],\"inLanguage\":\"es\"}]}<\/script>\n<!-- \/ Yoast SEO plugin. -->","yoast_head_json":{"title":"Servicios de mezcla y mastering | Juan Esteban Herrera aka Ruido Selecto","description":"Servicios de mezcla y mastering para producciones musicales. A cargo del ingeniero Juan Esteban Herrera aka Ruido Selecto. Trabajo en remoto.","robots":{"index":"index","follow":"follow","max-snippet":"max-snippet:-1","max-image-preview":"max-image-preview:large","max-video-preview":"max-video-preview:-1"},"canonical":"https:\/\/ruidoselecto.com\/es\/mix-and-mastering\/","og_locale":"es_ES","og_type":"article","og_title":"Servicios de mezcla y mastering | Juan Esteban Herrera aka Ruido Selecto","og_description":"Servicios de mezcla y mastering para producciones musicales. A cargo del ingeniero Juan Esteban Herrera aka Ruido Selecto. Trabajo en remoto.","og_url":"https:\/\/ruidoselecto.com\/es\/mix-and-mastering\/","og_site_name":"Ruido Selecto \/ Echo Selector","article_modified_time":"2023-08-29T21:53:15+00:00","og_image":[{"width":1277,"height":852,"url":"https:\/\/ruidoselecto.com\/wp-content\/uploads\/2022\/06\/Screen-Shot-2021-04-09-at-10.49.11-AM.png","type":"image\/png"}],"twitter_card":"summary_large_image","twitter_misc":{"Tiempo de lectura":"1 minuto"},"schema":{"@context":"https:\/\/schema.org","@graph":[{"@type":"WebPage","@id":"https:\/\/ruidoselecto.com\/es\/mix-and-mastering\/","url":"https:\/\/ruidoselecto.com\/es\/mix-and-mastering\/","name":"Servicios de mezcla y mastering | Juan Esteban Herrera aka Ruido Selecto","isPartOf":{"@id":"https:\/\/ruidoselecto.com\/es\/#website"},"datePublished":"2021-05-08T19:35:36+00:00","dateModified":"2023-08-29T21:53:15+00:00","description":"Servicios de mezcla y mastering para producciones musicales. A cargo del ingeniero Juan Esteban Herrera aka Ruido Selecto. Trabajo en remoto.","breadcrumb":{"@id":"https:\/\/ruidoselecto.com\/es\/mix-and-mastering\/#breadcrumb"},"inLanguage":"es","potentialAction":[{"@type":"ReadAction","target":["https:\/\/ruidoselecto.com\/es\/mix-and-mastering\/"]}]},{"@type":"BreadcrumbList","@id":"https:\/\/ruidoselecto.com\/es\/mix-and-mastering\/#breadcrumb","itemListElement":[{"@type":"ListItem","position":1,"name":"Home","item":"https:\/\/ruidoselecto.com\/es\/"},{"@type":"ListItem","position":2,"name":"Mix &#038; Mastering"}]},{"@type":"WebSite","@id":"https:\/\/ruidoselecto.com\/es\/#website","url":"https:\/\/ruidoselecto.com\/es\/","name":"Ruido Selecto \/ Echo Selector","description":"Studio &amp; Production","potentialAction":[{"@type":"SearchAction","target":{"@type":"EntryPoint","urlTemplate":"https:\/\/ruidoselecto.com\/es\/?s={search_term_string}"},"query-input":{"@type":"PropertyValueSpecification","valueRequired":true,"valueName":"search_term_string"}}],"inLanguage":"es"}]}},"_links":{"self":[{"href":"https:\/\/ruidoselecto.com\/es\/wp-json\/wp\/v2\/pages\/101","targetHints":{"allow":["GET"]}}],"collection":[{"href":"https:\/\/ruidoselecto.com\/es\/wp-json\/wp\/v2\/pages"}],"about":[{"href":"https:\/\/ruidoselecto.com\/es\/wp-json\/wp\/v2\/types\/page"}],"author":[{"embeddable":true,"href":"https:\/\/ruidoselecto.com\/es\/wp-json\/wp\/v2\/users\/1"}],"replies":[{"embeddable":true,"href":"https:\/\/ruidoselecto.com\/es\/wp-json\/wp\/v2\/comments?post=101"}],"version-history":[{"count":3,"href":"https:\/\/ruidoselecto.com\/es\/wp-json\/wp\/v2\/pages\/101\/revisions"}],"predecessor-version":[{"id":565,"href":"https:\/\/ruidoselecto.com\/es\/wp-json\/wp\/v2\/pages\/101\/revisions\/565"}],"wp:attachment":[{"href":"https:\/\/ruidoselecto.com\/es\/wp-json\/wp\/v2\/media?parent=101"}],"curies":[{"name":"wp","href":"https:\/\/api.w.org\/{rel}","templated":true}]}}